{"id":2012,"date":"2022-03-02T18:45:39","date_gmt":"2022-03-02T16:45:39","guid":{"rendered":"http:\/\/www.dd-vom-hochwald.de\/?page_id=2012"},"modified":"2022-03-02T19:02:04","modified_gmt":"2022-03-02T17:02:04","slug":"k-wurf","status":"publish","type":"page","link":"http:\/\/www.dd-vom-hochwald.de\/index.php\/wurfe\/k-wurf\/","title":{"rendered":"K Wurf"},"content":{"rendered":"\t\t<div data-elementor-type=\"wp-page\" data-elementor-id=\"2012\" class=\"elementor elementor-2012\" data-elementor-settings=\"[]\">\n\t\t\t\t\t\t<div class=\"elementor-inner\">\n\t\t\t\t\t\t\t<div class=\"elementor-section-wrap\">\n\t\t\t\t\t\t\t<section class=\"elementor-section elementor-top-section elementor-element elementor-element-95bde14 elementor-section-boxed elementor-section-height-default elementor-section-height-default\" data-id=\"95bde14\" data-element_type=\"section\">\n\t\t\t\t\t\t<div class=\"elementor-container elementor-column-gap-default\">\n\t\t\t\t\t\t\t<div class=\"elementor-row\">\n\t\t\t\t\t<div class=\"elementor-column elementor-col-100 elementor-top-column elementor-element elementor-element-8f873d0\" data-id=\"8f873d0\" data-element_type=\"column\">\n\t\t\t<div class=\"elementor-column-wrap elementor-element-populated\">\n\t\t\t\t\t\t\t<div class=\"elementor-widget-wrap\">\n\t\t\t\t\t\t<div class=\"elementor-element elementor-element-2ecd492 elementor-widget elementor-widget-heading\" data-id=\"2ecd492\" data-element_type=\"widget\" data-widget_type=\"heading.default\">\n\t\t\t\t<div class=\"elementor-widget-container\">\n\t\t\t<h1 class=\"elementor-heading-title elementor-size-default\">K Wurf<\/h1>\t\t<\/div>\n\t\t\t\t<\/div>\n\t\t\t\t\t\t<\/div>\n\t\t\t\t\t<\/div>\n\t\t<\/div>\n\t\t\t\t\t\t\t\t<\/div>\n\t\t\t\t\t<\/div>\n\t\t<\/section>\n\t\t\t\t<section class=\"elementor-section elementor-top-section elementor-element elementor-element-952d316 elementor-section-boxed elementor-section-height-default elementor-section-height-default\" data-id=\"952d316\" data-element_type=\"section\">\n\t\t\t\t\t\t<div class=\"elementor-container elementor-column-gap-default\">\n\t\t\t\t\t\t\t<div class=\"elementor-row\">\n\t\t\t\t\t<div class=\"elementor-column elementor-col-50 elementor-top-column elementor-element elementor-element-976fe9d\" data-id=\"976fe9d\" data-element_type=\"column\">\n\t\t\t<div class=\"elementor-column-wrap elementor-element-populated\">\n\t\t\t\t\t\t\t<div class=\"elementor-widget-wrap\">\n\t\t\t\t\t\t<div class=\"elementor-element elementor-element-793816c elementor-widget elementor-widget-image\" data-id=\"793816c\" data-element_type=\"widget\" data-widget_type=\"image.default\">\n\t\t\t\t<div class=\"elementor-widget-container\">\n\t\t\t\t\t\t\t\t<div class=\"elementor-image\">\n\t\t\t\t\t\t\t\t\t\t\t\t<img width=\"1024\" height=\"682\" src=\"http:\/\/www.dd-vom-hochwald.de\/wp-content\/uploads\/2021\/11\/VincentDommer_Alma_Hund_2-1024x682.jpg\" class=\"attachment-large size-large\" alt=\"\" loading=\"lazy\" srcset=\"http:\/\/www.dd-vom-hochwald.de\/wp-content\/uploads\/2021\/11\/VincentDommer_Alma_Hund_2-1024x682.jpg 1024w, http:\/\/www.dd-vom-hochwald.de\/wp-content\/uploads\/2021\/11\/VincentDommer_Alma_Hund_2-300x200.jpg 300w, http:\/\/www.dd-vom-hochwald.de\/wp-content\/uploads\/2021\/11\/VincentDommer_Alma_Hund_2-768x512.jpg 768w, http:\/\/www.dd-vom-hochwald.de\/wp-content\/uploads\/2021\/11\/VincentDommer_Alma_Hund_2-350x233.jpg 350w, http:\/\/www.dd-vom-hochwald.de\/wp-content\/uploads\/2021\/11\/VincentDommer_Alma_Hund_2.jpg 2000w\" sizes=\"(max-width: 1024px) 100vw, 1024px\" \/>\t\t\t\t\t\t\t\t\t\t\t\t\t\t<\/div>\n\t\t\t\t\t\t<\/div>\n\t\t\t\t<\/div>\n\t\t\t\t<div class=\"elementor-element elementor-element-810829b elementor-widget elementor-widget-heading\" data-id=\"810829b\" data-element_type=\"widget\" data-widget_type=\"heading.default\">\n\t\t\t\t<div class=\"elementor-widget-container\">\n\t\t\t<h2 class=\"elementor-heading-title elementor-size-default\">Alma von der Westenbr\u00fcgge<\/h2>\t\t<\/div>\n\t\t\t\t<\/div>\n\t\t\t\t<div class=\"elementor-element elementor-element-caf0016 elementor-widget elementor-widget-text-editor\" data-id=\"caf0016\" data-element_type=\"widget\" data-widget_type=\"text-editor.default\">\n\t\t\t\t<div class=\"elementor-widget-container\">\n\t\t\t\t\t\t\t\t<div class=\"elementor-text-editor elementor-clearfix\">\n\t\t\t\t<div style=\"font-variant-caps: normal; font-family: Verdana, Geneva, Arial, Helvetica, sans-serif; font-size: 13px; font-style: normal; display: table; width: 708px; table-layout: fixed; border-collapse: collapse; caret-color: #000000; color: #000000; text-align: justify;\"><div style=\"font-size: 13px; display: table-row;\"><div style=\"vertical-align: top; font-size: 13px; display: table-cell; width: 708px;\"><div style=\"font-size: 13px;\"><p style=\"margin-top: 10px; margin-right: 20px; font-size: 13px;\"><span style=\"font-size: 13px; font-weight: 600;\">gew\u00f6lft am:<\/span>\u00a016.03.2020<br \/><span style=\"font-size: 13px; font-weight: 600;\">Farbe:<\/span>\u00a0Brsch<br \/><span style=\"font-size: 13px; font-weight: 600;\">Zuchtbuch-Nr.:<\/span>\u00a0231443<br \/><span style=\"font-size: 13px; font-weight: 600;\">DGStB-Nr.:<\/span>\u00a071621<br \/><span style=\"font-size: 13px; font-weight: 600;\">Zuchtregister-Nr.:<\/span>\u00a0ZR 404\/16<br \/><span style=\"font-size: 13px; font-weight: 600;\">Zuchtschau I &#8211; F\/ H:<\/span>\u00a0sg10\/sg10<br \/><span style=\"font-size: 13px; font-weight: 600;\">Zuchtschau I &#8211; H\/ L:<\/span>\u00a060\/61<br \/><span style=\"font-size: 13px; font-weight: 600;\">VJP 1:<\/span>\u00a077Pkt<br \/><span style=\"font-size: 13px; font-weight: 600;\">HZP 1:<\/span>\u00a0184 o.Sp.<br \/><br \/><\/p><p style=\"margin-top: 10px; margin-right: 20px; font-size: 13px;\"><span style=\"font-variant-caps: normal; font-family: Verdana, Geneva, Arial, Helvetica, sans-serif; font-size: 13px; font-style: normal;\">Medizinische Befunde: HD und OCD frei, Heterozygot Rauhaar<\/span><br \/><span style=\"font-variant-caps: normal; font-family: Verdana, Geneva, Arial, Helvetica, sans-serif; font-size: 13px; font-style: normal;\">Leistungszeichen: HN, Spurlaut \/ Sichtlaut, Brauchbarkeitspr\u00fcfung<\/span><\/p><\/div><\/div><\/div><\/div><p><span style=\"caret-color: #2b2b2b; color: #2b2b2b; font-family: Amiko; font-size: 16px; font-style: normal; font-variant-caps: normal;\">Alma von der Westenbruegge ist ein sch\u00f6ner, quadratisch kr\u00e4ftiger Hund mit ausgepr\u00e4gtem Bart und eng anliegendem dichtem, hartem dunkel pigmentiertem Haar.\u00a0<\/span><br style=\"caret-color: #2b2b2b; color: #2b2b2b; font-family: Amiko;\" \/><span style=\"caret-color: #2b2b2b; color: #2b2b2b; font-family: Amiko; font-size: 16px; font-style: normal; font-variant-caps: normal;\">Sie stammt aus der Verbindung Greta vom Hochwald und Django vom Farnbachtal, beides ruhige ausgeglichene Hunde mit H\u00e4rte und Sch\u00e4rfe. Alle Welpen dieser Verpaarung sind Spur- und Sichtlaut.\u00a0<\/span><br style=\"caret-color: #2b2b2b; color: #2b2b2b; font-family: Amiko;\" \/><br style=\"caret-color: #2b2b2b; color: #2b2b2b; font-family: Amiko;\" \/><span style=\"caret-color: #2b2b2b; color: #2b2b2b; font-family: Amiko; font-size: 16px; font-style: normal; font-variant-caps: normal;\">Alma ist ein Hund mit enormen Vorw\u00e4rtsdrang und Spurwillen, kombiniert mit unerm\u00fcdlicher Arbeitsleistung.<\/span><\/p>\t\t\t\t\t<\/div>\n\t\t\t\t\t\t<\/div>\n\t\t\t\t<\/div>\n\t\t\t\t\t\t<\/div>\n\t\t\t\t\t<\/div>\n\t\t<\/div>\n\t\t\t\t<div class=\"elementor-column elementor-col-50 elementor-top-column elementor-element elementor-element-8a346f2\" data-id=\"8a346f2\" data-element_type=\"column\">\n\t\t\t<div class=\"elementor-column-wrap elementor-element-populated\">\n\t\t\t\t\t\t\t<div class=\"elementor-widget-wrap\">\n\t\t\t\t\t\t<div class=\"elementor-element elementor-element-0837f0a elementor-widget elementor-widget-image\" data-id=\"0837f0a\" data-element_type=\"widget\" data-widget_type=\"image.default\">\n\t\t\t\t<div class=\"elementor-widget-container\">\n\t\t\t\t\t\t\t\t<div class=\"elementor-image\">\n\t\t\t\t\t\t\t\t\t\t\t\t<img width=\"691\" height=\"691\" src=\"http:\/\/www.dd-vom-hochwald.de\/wp-content\/uploads\/2021\/11\/IMG_20190419_103735_145-1.jpg\" class=\"attachment-large size-large\" alt=\"\" loading=\"lazy\" srcset=\"http:\/\/www.dd-vom-hochwald.de\/wp-content\/uploads\/2021\/11\/IMG_20190419_103735_145-1.jpg 691w, http:\/\/www.dd-vom-hochwald.de\/wp-content\/uploads\/2021\/11\/IMG_20190419_103735_145-1-150x150.jpg 150w, http:\/\/www.dd-vom-hochwald.de\/wp-content\/uploads\/2021\/11\/IMG_20190419_103735_145-1-300x300.jpg 300w, http:\/\/www.dd-vom-hochwald.de\/wp-content\/uploads\/2021\/11\/IMG_20190419_103735_145-1-350x350.jpg 350w\" sizes=\"(max-width: 691px) 100vw, 691px\" \/>\t\t\t\t\t\t\t\t\t\t\t\t\t\t<\/div>\n\t\t\t\t\t\t<\/div>\n\t\t\t\t<\/div>\n\t\t\t\t<div class=\"elementor-element elementor-element-7b6c827 elementor-widget elementor-widget-heading\" data-id=\"7b6c827\" data-element_type=\"widget\" data-widget_type=\"heading.default\">\n\t\t\t\t<div class=\"elementor-widget-container\">\n\t\t\t<h2 class=\"elementor-heading-title elementor-size-default\">Flex v.d. Wipperquelle<\/h2>\t\t<\/div>\n\t\t\t\t<\/div>\n\t\t\t\t<div class=\"elementor-element elementor-element-15e26ac elementor-widget elementor-widget-text-editor\" data-id=\"15e26ac\" data-element_type=\"widget\" data-widget_type=\"text-editor.default\">\n\t\t\t\t<div class=\"elementor-widget-container\">\n\t\t\t\t\t\t\t\t<div class=\"elementor-text-editor elementor-clearfix\">\n\t\t\t\t<p><span style=\"font-variant-caps: normal; font-family: Verdana, Geneva, Arial, Helvetica, sans-serif; font-size: 13px; font-style: normal; font-weight: 600; caret-color: #000000; color: #000000; text-align: justify;\">gew\u00f6lft am:<\/span><span style=\"caret-color: #000000; color: #000000; font-family: Verdana, Geneva, Arial, Helvetica, sans-serif; font-size: 13px; font-style: normal; font-variant-caps: normal; text-align: justify;\">\u00a004.05.2016<\/span><br style=\"caret-color: #000000; color: #000000; font-family: Verdana, Geneva, Arial, Helvetica, sans-serif; font-size: 13px; text-align: justify;\" \/><span style=\"font-variant-caps: normal; font-family: Verdana, Geneva, Arial, Helvetica, sans-serif; font-size: 13px; font-style: normal; font-weight: 600; caret-color: #000000; color: #000000; text-align: justify;\">Farbe:<\/span><span style=\"caret-color: #000000; color: #000000; font-family: Verdana, Geneva, Arial, Helvetica, sans-serif; font-size: 13px; font-style: normal; font-variant-caps: normal; text-align: justify;\">\u00a0Schwsch<\/span><br style=\"caret-color: #000000; color: #000000; font-family: Verdana, Geneva, Arial, Helvetica, sans-serif; font-size: 13px; text-align: justify;\" \/><span style=\"font-variant-caps: normal; font-family: Verdana, Geneva, Arial, Helvetica, sans-serif; font-size: 13px; font-style: normal; font-weight: 600; caret-color: #000000; color: #000000; text-align: justify;\">Zuchtbuch-Nr.:<\/span><span style=\"caret-color: #000000; color: #000000; font-family: Verdana, Geneva, Arial, Helvetica, sans-serif; font-size: 13px; font-style: normal; font-variant-caps: normal; text-align: justify;\">\u00a0231443<\/span><br style=\"caret-color: #000000; color: #000000; font-family: Verdana, Geneva, Arial, Helvetica, sans-serif; font-size: 13px; text-align: justify;\" \/><span style=\"font-variant-caps: normal; font-family: Verdana, Geneva, Arial, Helvetica, sans-serif; font-size: 13px; font-style: normal; font-weight: 600; caret-color: #000000; color: #000000; text-align: justify;\">DGStB-Nr.:<\/span><span style=\"caret-color: #000000; color: #000000; font-family: Verdana, Geneva, Arial, Helvetica, sans-serif; font-size: 13px; font-style: normal; font-variant-caps: normal; text-align: justify;\">\u00a071621<\/span><br style=\"caret-color: #000000; color: #000000; font-family: Verdana, Geneva, Arial, Helvetica, sans-serif; font-size: 13px; text-align: justify;\" \/><span style=\"font-variant-caps: normal; font-family: Verdana, Geneva, Arial, Helvetica, sans-serif; font-size: 13px; font-style: normal; font-weight: 600; caret-color: #000000; color: #000000; text-align: justify;\">Zuchtregister-Nr.:<\/span><span style=\"caret-color: #000000; color: #000000; font-family: Verdana, Geneva, Arial, Helvetica, sans-serif; font-size: 13px; font-style: normal; font-variant-caps: normal; text-align: justify;\">\u00a0ZR 404\/16<\/span><br style=\"caret-color: #000000; color: #000000; font-family: Verdana, Geneva, Arial, Helvetica, sans-serif; font-size: 13px; text-align: justify;\" \/><span style=\"font-variant-caps: normal; font-family: Verdana, Geneva, Arial, Helvetica, sans-serif; font-size: 13px; font-style: normal; font-weight: 600; caret-color: #000000; color: #000000; text-align: justify;\">Zuchtschau I &#8211; F\/ H:<\/span><span style=\"caret-color: #000000; color: #000000; font-family: Verdana, Geneva, Arial, Helvetica, sans-serif; font-size: 13px; font-style: normal; font-variant-caps: normal; text-align: justify;\">\u00a0sg9\/sg11<\/span><br style=\"caret-color: #000000; color: #000000; font-family: Verdana, Geneva, Arial, Helvetica, sans-serif; font-size: 13px; text-align: justify;\" \/><span style=\"font-variant-caps: normal; font-family: Verdana, Geneva, Arial, Helvetica, sans-serif; font-size: 13px; font-style: normal; font-weight: 600; caret-color: #000000; color: #000000; text-align: justify;\">Zuchtschau I &#8211; H\/ L:<\/span><span style=\"caret-color: #000000; color: #000000; font-family: Verdana, Geneva, Arial, Helvetica, sans-serif; font-size: 13px; font-style: normal; font-variant-caps: normal; text-align: justify;\">\u00a066\/68<\/span><br style=\"caret-color: #000000; color: #000000; font-family: Verdana, Geneva, Arial, Helvetica, sans-serif; font-size: 13px; text-align: justify;\" \/><span style=\"font-variant-caps: normal; font-family: Verdana, Geneva, Arial, Helvetica, sans-serif; font-size: 13px; font-style: normal; font-weight: 600; caret-color: #000000; color: #000000; text-align: justify;\">VJP 1:<\/span><span style=\"caret-color: #000000; color: #000000; font-family: Verdana, Geneva, Arial, Helvetica, sans-serif; font-size: 13px; font-style: normal; font-variant-caps: normal; text-align: justify;\">\u00a074Pkt<\/span><br style=\"caret-color: #000000; color: #000000; font-family: Verdana, Geneva, Arial, Helvetica, sans-serif; font-size: 13px; text-align: justify;\" \/><span style=\"font-variant-caps: normal; font-family: Verdana, Geneva, Arial, Helvetica, sans-serif; font-size: 13px; font-style: normal; font-weight: 600; caret-color: #000000; color: #000000; text-align: justify;\">HZP 1:<\/span><span style=\"caret-color: #000000; color: #000000; font-family: Verdana, Geneva, Arial, Helvetica, sans-serif; font-size: 13px; font-style: normal; font-variant-caps: normal; text-align: justify;\">\u00a0168 o.Sp.<\/span><br style=\"caret-color: #000000; color: #000000; font-family: Verdana, Geneva, Arial, Helvetica, sans-serif; font-size: 13px; text-align: justify;\" \/><span style=\"font-variant-caps: normal; font-family: Verdana, Geneva, Arial, Helvetica, sans-serif; font-size: 13px; font-style: normal; font-weight: 600; caret-color: #000000; color: #000000; text-align: justify;\">VGP 1:<\/span><span style=\"caret-color: #000000; color: #000000; font-family: Verdana, Geneva, Arial, Helvetica, sans-serif; font-size: 13px; font-style: normal; font-variant-caps: normal; text-align: justify;\">\u00a0II.\/ 299 TF<\/span><br style=\"caret-color: #000000; color: #000000; font-family: Verdana, Geneva, Arial, Helvetica, sans-serif; font-size: 13px; text-align: justify;\" \/><br style=\"caret-color: #000000; color: #000000; font-family: Verdana, Geneva, Arial, Helvetica, sans-serif; font-size: 13px; text-align: justify;\" \/><span style=\"caret-color: #000000; color: #000000; font-family: Verdana, Geneva, Arial, Helvetica, sans-serif; font-size: 13px; font-style: normal; font-variant-caps: normal; text-align: justify;\">Medizinische Befunde: HD-A, ED u. OCD frei, Willebrand frei, Homozygot Rauhaar<\/span><br style=\"caret-color: #000000; color: #000000; font-family: Verdana, Geneva, Arial, Helvetica, sans-serif; font-size: 13px; text-align: justify;\" \/><span style=\"caret-color: #000000; color: #000000; font-family: Verdana, Geneva, Arial, Helvetica, sans-serif; font-size: 13px; font-style: normal; font-variant-caps: normal; text-align: justify;\">Leistungszeichen: HN,Sj-DD, SwI, VStP 68A,spurl.- und sichtl.-<\/span><br style=\"caret-color: #000000; color: #000000; font-family: Verdana, Geneva, Arial, Helvetica, sans-serif; font-size: 13px; text-align: justify;\" \/><br style=\"caret-color: #000000; color: #000000; font-family: Verdana, Geneva, Arial, Helvetica, sans-serif; font-size: 13px; text-align: justify;\" \/><span style=\"caret-color: #000000; color: #000000; font-family: Verdana, Geneva, Arial, Helvetica, sans-serif; font-size: 13px; font-style: normal; font-variant-caps: normal; text-align: justify;\">Beschreibung: Flex ist ein R\u00fcde mit \u00fcberw\u00e4ltigender Ruhe und Ausgeglichenheit, der schon in jungem Alter seine ausgepr\u00e4gten Anlagen unter Beweis stellen konnte. Seine kompromisslose H\u00e4rte und enorme Sch\u00e4rfe am Raubzeug sowie Schwarzwild, zeigte er schon fr\u00fchzeitig mehrfach im jugendlichen Alter. H\u00f6chste Arbeits.- bzw. Leistungsbereitschaft, Finderwille und F\u00fchrigkeit, zeichnen den R\u00fcden bei der Arbeit vor und nach dem Schuss immer wieder aus. Sauen stellt er kompromisslos, druckvoll und h\u00e4lt sie mit sicherem Griff. Er zeigt enormen Spurwillen gepaart mit sauberem Spur.- bzw. F\u00e4hrtenlaut. Flex ist ein R\u00fcde der seinen F\u00fchrer auch bei der Arbeit am langen Riemen, bei der Hatz oder am kranken wehrhaften St\u00fcck nie im Stich l\u00e4sst, was er immer wieder eindrucksvoll unter Beweis stellt. Durch seine Feinnasigkeit zeigt er im Feld tolle Vorstehleistungen mit besten Manieren. Am Wasser zeigt er eindrucksvolle Arbeiten auch unter schwierigsten Bedingungen. Gegen\u00fcber Artgenossen und Zweibeinern zeigt er sich neutral und aufgeschlossen. Im Haus, Hof, Zwinger und im Altag macht er eine sehr gute Figur und ist bester Spielkamerad kleiner Zweibeiner. Dennoch l\u00e4sst er keine Zweifel gegen\u00fcber Unerw\u00fcnschtem offen, das er auch in der Lage ist, Familie, Haus und Hof energisch und erfolgreich zu sch\u00fctzen. Flex ist ein kompakter mittelgrosser R\u00fcde mit bestem Haar. Auch bei h\u00f6chster Arbeitsdichte in der Praxis, sind besondere Leistungen bei ihm keine Seltenheit was der R\u00fcde immer wieder beeindruckend zeigt. Beweis stellt.<\/span><\/p>\t\t\t\t\t<\/div>\n\t\t\t\t\t\t<\/div>\n\t\t\t\t<\/div>\n\t\t\t\t\t\t<\/div>\n\t\t\t\t\t<\/div>\n\t\t<\/div>\n\t\t\t\t\t\t\t\t<\/div>\n\t\t\t\t\t<\/div>\n\t\t<\/section>\n\t\t\t\t\t\t<\/div>\n\t\t\t\t\t\t<\/div>\n\t\t\t\t\t<\/div>\n\t\t","protected":false},"excerpt":{"rendered":"<p>K Wurf Alma von der Westenbr\u00fcgge gew\u00f6lft am:\u00a016.03.2020Farbe:\u00a0BrschZuchtbuch-Nr.:\u00a0231443DGStB-Nr.:\u00a071621Zuchtregister-Nr.:\u00a0ZR 404\/16Zuchtschau I &#8211; F\/ H:\u00a0sg10\/sg10Zuchtschau I &#8211; H\/ L:\u00a060\/61VJP 1:\u00a077PktHZP 1:\u00a0184 o.Sp. Medizinische Befunde: HD und OCD frei, Heterozygot RauhaarLeistungszeichen: HN, Spurlaut \/ Sichtlaut, Brauchbarkeitspr\u00fcfung Alma von der Westenbruegge ist ein sch\u00f6ner, quadratisch kr\u00e4ftiger Hund mit ausgepr\u00e4gtem Bart und eng anliegendem dichtem, hartem dunkel pigmentiertem Haar.\u00a0Sie stammt [&hellip;]<\/p>\n","protected":false},"author":2,"featured_media":0,"parent":137,"menu_order":0,"comment_status":"closed","ping_status":"closed","template":"elementor_header_footer","meta":[],"_links":{"self":[{"href":"http:\/\/www.dd-vom-hochwald.de\/index.php\/wp-json\/wp\/v2\/pages\/2012"}],"collection":[{"href":"http:\/\/www.dd-vom-hochwald.de\/index.php\/wp-json\/wp\/v2\/pages"}],"about":[{"href":"http:\/\/www.dd-vom-hochwald.de\/index.php\/wp-json\/wp\/v2\/types\/page"}],"author":[{"embeddable":true,"href":"http:\/\/www.dd-vom-hochwald.de\/index.php\/wp-json\/wp\/v2\/users\/2"}],"replies":[{"embeddable":true,"href":"http:\/\/www.dd-vom-hochwald.de\/index.php\/wp-json\/wp\/v2\/comments?post=2012"}],"version-history":[{"count":35,"href":"http:\/\/www.dd-vom-hochwald.de\/index.php\/wp-json\/wp\/v2\/pages\/2012\/revisions"}],"predecessor-version":[{"id":2047,"href":"http:\/\/www.dd-vom-hochwald.de\/index.php\/wp-json\/wp\/v2\/pages\/2012\/revisions\/2047"}],"up":[{"embeddable":true,"href":"http:\/\/www.dd-vom-hochwald.de\/index.php\/wp-json\/wp\/v2\/pages\/137"}],"wp:attachment":[{"href":"http:\/\/www.dd-vom-hochwald.de\/index.php\/wp-json\/wp\/v2\/media?parent=2012"}],"curies":[{"name":"wp","href":"https:\/\/api.w.org\/{rel}","templated":true}]}}