{"id":136,"date":"2018-05-14T15:32:27","date_gmt":"2018-05-14T15:32:27","guid":{"rendered":"http:\/\/www.dd-vom-hochwald.de\/?page_id=136"},"modified":"2024-02-19T14:34:05","modified_gmt":"2024-02-19T12:34:05","slug":"uber-uns","status":"publish","type":"page","link":"https:\/\/www.dd-vom-hochwald.de\/","title":{"rendered":"\u00dcber mich"},"content":{"rendered":"\t\t<div data-elementor-type=\"wp-post\" data-elementor-id=\"136\" class=\"elementor elementor-136\" data-elementor-settings=\"[]\">\n\t\t\t\t\t\t<div class=\"elementor-inner\">\n\t\t\t\t\t\t\t<div class=\"elementor-section-wrap\">\n\t\t\t\t\t\t\t<section class=\"elementor-section elementor-top-section elementor-element elementor-element-3af2f348 elementor-section-boxed elementor-section-height-default elementor-section-height-default\" data-id=\"3af2f348\" data-element_type=\"section\" data-settings=\"{&quot;background_background&quot;:&quot;classic&quot;}\">\n\t\t\t\t\t\t<div class=\"elementor-container elementor-column-gap-default\">\n\t\t\t\t\t\t\t<div class=\"elementor-row\">\n\t\t\t\t\t<div class=\"elementor-column elementor-col-100 elementor-top-column elementor-element elementor-element-6e9d4222\" data-id=\"6e9d4222\" data-element_type=\"column\">\n\t\t\t<div class=\"elementor-column-wrap elementor-element-populated\">\n\t\t\t\t\t\t\t<div class=\"elementor-widget-wrap\">\n\t\t\t\t\t\t<div class=\"elementor-element elementor-element-49c88363 elementor-widget elementor-widget-text-editor\" data-id=\"49c88363\" data-element_type=\"widget\" data-widget_type=\"text-editor.default\">\n\t\t\t\t<div class=\"elementor-widget-container\">\n\t\t\t\t\t\t\t\t<div class=\"elementor-text-editor elementor-clearfix\">\n\t\t\t\t\t\t\t\t\t<\/div>\n\t\t\t\t\t\t<\/div>\n\t\t\t\t<\/div>\n\t\t\t\t<div class=\"elementor-element elementor-element-2c119eba elementor-invisible elementor-widget elementor-widget-heading\" data-id=\"2c119eba\" data-element_type=\"widget\" data-settings=\"{&quot;_animation&quot;:&quot;fadeInUp&quot;}\" data-widget_type=\"heading.default\">\n\t\t\t\t<div class=\"elementor-widget-container\">\n\t\t\t<h2 class=\"elementor-heading-title elementor-size-default\">Deutsch Drahthaar vom Hochwald <\/h2>\t\t<\/div>\n\t\t\t\t<\/div>\n\t\t\t\t\t\t<\/div>\n\t\t\t\t\t<\/div>\n\t\t<\/div>\n\t\t\t\t\t\t\t\t<\/div>\n\t\t\t\t\t<\/div>\n\t\t<\/section>\n\t\t\t\t<section class=\"elementor-section elementor-top-section elementor-element elementor-element-77bebe72 elementor-section-boxed elementor-section-height-default elementor-section-height-default\" data-id=\"77bebe72\" data-element_type=\"section\">\n\t\t\t\t\t\t<div class=\"elementor-container elementor-column-gap-default\">\n\t\t\t\t\t\t\t<div class=\"elementor-row\">\n\t\t\t\t\t<div class=\"elementor-column elementor-col-100 elementor-top-column elementor-element elementor-element-1da39121\" data-id=\"1da39121\" data-element_type=\"column\">\n\t\t\t<div class=\"elementor-column-wrap elementor-element-populated\">\n\t\t\t\t\t\t\t<div class=\"elementor-widget-wrap\">\n\t\t\t\t\t\t<div class=\"elementor-element elementor-element-1436898a elementor-widget elementor-widget-heading\" data-id=\"1436898a\" data-element_type=\"widget\" data-widget_type=\"heading.default\">\n\t\t\t\t<div class=\"elementor-widget-container\">\n\t\t\t<h1 class=\"elementor-heading-title elementor-size-default\">\u00dcber mich<\/h1>\t\t<\/div>\n\t\t\t\t<\/div>\n\t\t\t\t<section class=\"elementor-section elementor-inner-section elementor-element elementor-element-f0ea898 elementor-section-boxed elementor-section-height-default elementor-section-height-default\" data-id=\"f0ea898\" data-element_type=\"section\">\n\t\t\t\t\t\t<div class=\"elementor-container elementor-column-gap-wide\">\n\t\t\t\t\t\t\t<div class=\"elementor-row\">\n\t\t\t\t\t<div class=\"elementor-column elementor-col-50 elementor-inner-column elementor-element elementor-element-30a89ba8\" data-id=\"30a89ba8\" data-element_type=\"column\">\n\t\t\t<div class=\"elementor-column-wrap elementor-element-populated\">\n\t\t\t\t\t\t\t<div class=\"elementor-widget-wrap\">\n\t\t\t\t\t\t<div class=\"elementor-element elementor-element-1d2d692c elementor-widget elementor-widget-text-editor\" data-id=\"1d2d692c\" data-element_type=\"widget\" data-widget_type=\"text-editor.default\">\n\t\t\t\t<div class=\"elementor-widget-container\">\n\t\t\t\t\t\t\t\t<div class=\"elementor-text-editor elementor-clearfix\">\n\t\t\t\t<p>Als Kind streifte ich schon durch die W\u00e4lder des Hochwaldes, den man im westlichen Teil des Hunsr\u00fcck findet.\u00a0<\/p><p>Wechsel, Dickungen und Buchenw\u00e4lder zogen mich geradezu magisch an. Hinter jedem Baum konnte ja ein Abenteuer lauern. Wild zu entdecken war nat\u00fcrlich das allergr\u00f6\u00dfte. Das jagdliche \u201d Highlight\u201d des Jahres war die Hirschbrunft in Thranenweiher, ein abgeschiedenes altes K\u00f6hlerdorf mitten im\u00a0Wald gelegen. Also ging es jeden Herbst mit den Gro\u00dfeltern in ihrem alten Opel Senator in diesen verschlafenen Ort, um Hirsche zu h\u00f6ren.<\/p><p>Entweder kannten die Hirsche den Opel Senator noch vom letzten Jahr oder verwechselte ihn mit einem St\u00fcck Kahlwild. Die Hirsche kamen jedenfalls bis an unser Auto.<\/p><p>Schon damals beindruckten mich die Jagdhunde der dortigen J\u00e4ger. Mein gr\u00f6\u00dfter Wunsch war ein Jagdhund, und zwar ein ziemlich gro\u00dfer,\u00a0denn klein genug war ich als Grundsch\u00fcler sowieso. Der Wunsch meiner Eltern ging leider genau in die andere Richtung,<br \/>n\u00e4mlich sich mehr Zeit f\u00fcr meine schulischen Pflichten zu nehmen.<br \/>Aber man sollte seine Tr\u00e4ume und Ziele im Leben nie aus den Augen verlieren.\u00a0<\/p>\t\t\t\t\t<\/div>\n\t\t\t\t\t\t<\/div>\n\t\t\t\t<\/div>\n\t\t\t\t\t\t<\/div>\n\t\t\t\t\t<\/div>\n\t\t<\/div>\n\t\t\t\t<div class=\"elementor-column elementor-col-50 elementor-inner-column elementor-element elementor-element-f69a25a\" data-id=\"f69a25a\" data-element_type=\"column\">\n\t\t\t<div class=\"elementor-column-wrap elementor-element-populated\">\n\t\t\t\t\t\t\t<div class=\"elementor-widget-wrap\">\n\t\t\t\t\t\t<div class=\"elementor-element elementor-element-21b35ebd elementor-widget elementor-widget-text-editor\" data-id=\"21b35ebd\" data-element_type=\"widget\" data-widget_type=\"text-editor.default\">\n\t\t\t\t<div class=\"elementor-widget-container\">\n\t\t\t\t\t\t\t\t<div class=\"elementor-text-editor elementor-clearfix\">\n\t\t\t\t<p><span style=\"font-size: 16px;\">2007 kam die Deutsch Drahthaar H\u00fcndin \u201d Eila von der Obermosel \u201d zu uns. Der Hund wurde das, was er schon als 4 w\u00f6chiger Welpe<\/span><br><\/p>\n<p>versprach, ein \u201d Volltreffer \u201d . Eila weist auf der einen Seite einen enormen Spurwillen, bedingungslose H\u00e4rte am Schwarzwild, Sch\u00e4rfe und Wasserfeudigkeit auf, andererseits ist sie ruhig, ausgeglichen und souver\u00e4n. Also genau der richtige Typ Hund f\u00fcr die Zucht.<br>Aus dem C-Wurf 2011 behielten wir die H\u00fcndin \u201d Cleo vom Hochwald \u201c, die erfolgreich in die Fu\u00dfstapfen Ihrer Mutter trat. Ihre gro\u00dfe<br>St\u00e4rke ist neben dem der H\u00e4rte und dem Spurwillen, die Schwei\u00df- und Wasserarbeit.<\/p><p>Alma von der Westenbruegge, gew. 2020, gezogen aus Greta vom Hochwald, ist unsere aktuelle Zuchth\u00fcndin. Sie ist ein sch\u00f6ner, quadratisch kr\u00e4ftiger Hund mit ausgepr\u00e4gtem Bart und eng anliegendem dichtem, hartem dunkel pigmentiertem Haar.&nbsp;<\/p><p>Alma ist ein Hund mit enormen Vorw\u00e4rtsdrang und Spurwillen, kombiniert mit unerm\u00fcdlicher Arbeitsleitung. Sie jagt spur- und sichtlaut.<\/p><p>Meine Zuchtziele sind starker Spurwille, Spur- und Sichtlaut, H\u00e4rte, Arbeitsfreude, Robustheit, Wasserpassion und Ruhe!<\/p><p>Seit 2001 jage ich auf dem Truppen\u00fcbungsplatz Baumholder und nehme pro Jahr an ca. 30 Dr\u00fcckjagden sowie Nachsuchen teil. Bei meiner Arbeit im Forst sowie dem Familienanschluss haben wir eine bestm\u00f6gliche jagdliche und soziale Fr\u00fchpr\u00e4gung unserer Welpen.<\/p>\t\t\t\t\t<\/div>\n\t\t\t\t\t\t<\/div>\n\t\t\t\t<\/div>\n\t\t\t\t\t\t<\/div>\n\t\t\t\t\t<\/div>\n\t\t<\/div>\n\t\t\t\t\t\t\t\t<\/div>\n\t\t\t\t\t<\/div>\n\t\t<\/section>\n\t\t\t\t\t\t<\/div>\n\t\t\t\t\t<\/div>\n\t\t<\/div>\n\t\t\t\t\t\t\t\t<\/div>\n\t\t\t\t\t<\/div>\n\t\t<\/section>\n\t\t\t\t<section class=\"elementor-section elementor-top-section elementor-element elementor-element-78b3a11 elementor-section-boxed elementor-section-height-default elementor-section-height-default\" data-id=\"78b3a11\" data-element_type=\"section\">\n\t\t\t\t\t\t<div class=\"elementor-container elementor-column-gap-default\">\n\t\t\t\t\t\t\t<div class=\"elementor-row\">\n\t\t\t\t\t<div class=\"elementor-column elementor-col-100 elementor-top-column elementor-element elementor-element-cfc8461\" data-id=\"cfc8461\" data-element_type=\"column\">\n\t\t\t<div class=\"elementor-column-wrap elementor-element-populated\">\n\t\t\t\t\t\t\t<div class=\"elementor-widget-wrap\">\n\t\t\t\t\t\t<div class=\"elementor-element elementor-element-a1ef91c elementor-widget elementor-widget-image\" data-id=\"a1ef91c\" data-element_type=\"widget\" data-widget_type=\"image.default\">\n\t\t\t\t<div class=\"elementor-widget-container\">\n\t\t\t\t\t\t\t\t<div class=\"elementor-image\">\n\t\t\t\t\t\t\t\t\t\t\t\t<img width=\"1024\" height=\"768\" src=\"https:\/\/www.dd-vom-hochwald.de\/wp-content\/uploads\/2018\/07\/657780a7b60edef01-1024x768.jpg\" class=\"attachment-large size-large\" alt=\"\" loading=\"lazy\" srcset=\"https:\/\/www.dd-vom-hochwald.de\/wp-content\/uploads\/2018\/07\/657780a7b60edef01-1024x768.jpg 1024w, https:\/\/www.dd-vom-hochwald.de\/wp-content\/uploads\/2018\/07\/657780a7b60edef01-300x225.jpg 300w, https:\/\/www.dd-vom-hochwald.de\/wp-content\/uploads\/2018\/07\/657780a7b60edef01-768x576.jpg 768w, https:\/\/www.dd-vom-hochwald.de\/wp-content\/uploads\/2018\/07\/657780a7b60edef01.jpg 1200w\" sizes=\"(max-width: 1024px) 100vw, 1024px\" \/>\t\t\t\t\t\t\t\t\t\t\t\t\t\t<\/div>\n\t\t\t\t\t\t<\/div>\n\t\t\t\t<\/div>\n\t\t\t\t\t\t<\/div>\n\t\t\t\t\t<\/div>\n\t\t<\/div>\n\t\t\t\t\t\t\t\t<\/div>\n\t\t\t\t\t<\/div>\n\t\t<\/section>\n\t\t\t\t<section class=\"elementor-section elementor-top-section elementor-element elementor-element-995ab21 elementor-section-boxed elementor-section-height-default elementor-section-height-default\" data-id=\"995ab21\" data-element_type=\"section\">\n\t\t\t\t\t\t<div class=\"elementor-container elementor-column-gap-default\">\n\t\t\t\t\t\t\t<div class=\"elementor-row\">\n\t\t\t\t\t<div class=\"elementor-column elementor-col-100 elementor-top-column elementor-element elementor-element-57376c9\" data-id=\"57376c9\" data-element_type=\"column\">\n\t\t\t<div class=\"elementor-column-wrap elementor-element-populated\">\n\t\t\t\t\t\t\t<div class=\"elementor-widget-wrap\">\n\t\t\t\t\t\t<div class=\"elementor-element elementor-element-1089dba elementor-widget elementor-widget-spacer\" data-id=\"1089dba\" data-element_type=\"widget\" data-widget_type=\"spacer.default\">\n\t\t\t\t<div class=\"elementor-widget-container\">\n\t\t\t\t\t<div class=\"elementor-spacer\">\n\t\t\t<div class=\"elementor-spacer-inner\"><\/div>\n\t\t<\/div>\n\t\t\t\t<\/div>\n\t\t\t\t<\/div>\n\t\t\t\t\t\t<\/div>\n\t\t\t\t\t<\/div>\n\t\t<\/div>\n\t\t\t\t\t\t\t\t<\/div>\n\t\t\t\t\t<\/div>\n\t\t<\/section>\n\t\t\t\t<section class=\"elementor-section elementor-top-section elementor-element elementor-element-327136b elementor-section-boxed elementor-section-height-default elementor-section-height-default\" data-id=\"327136b\" data-element_type=\"section\">\n\t\t\t\t\t\t<div class=\"elementor-container elementor-column-gap-default\">\n\t\t\t\t\t\t\t<div class=\"elementor-row\">\n\t\t\t\t\t<div class=\"elementor-column elementor-col-100 elementor-top-column elementor-element elementor-element-91ae2a6\" data-id=\"91ae2a6\" data-element_type=\"column\">\n\t\t\t<div class=\"elementor-column-wrap elementor-element-populated\">\n\t\t\t\t\t\t\t<div class=\"elementor-widget-wrap\">\n\t\t\t\t\t\t<div class=\"elementor-element elementor-element-4728653 elementor-widget elementor-widget-image\" data-id=\"4728653\" data-element_type=\"widget\" data-widget_type=\"image.default\">\n\t\t\t\t<div class=\"elementor-widget-container\">\n\t\t\t\t\t\t\t\t<div class=\"elementor-image\">\n\t\t\t\t\t\t\t\t\t\t\t\t\t<a href=\"http:\/\/localhost\/wordpress\/wp-content\/uploads\/2018\/07\/83A41C48-D199-4B57-BB0A-DC5766EF94F6-2.jpg\" data-elementor-open-lightbox=\"yes\" data-elementor-lightbox-title=\"created by dji camera\" e-action-hash=\"#elementor-action%3Aaction%3Dlightbox%26settings%3DeyJpZCI6OTMwLCJ1cmwiOiJodHRwczpcL1wvd3d3LmRkLXZvbS1ob2Nod2FsZC5kZVwvd3AtY29udGVudFwvdXBsb2Fkc1wvMjAxOFwvMDdcLzgzQTQxQzQ4LUQxOTktNEI1Ny1CQjBBLURDNTc2NkVGOTRGNi0yLmpwZyJ9\">\n\t\t\t\t\t\t\t<img width=\"1024\" height=\"576\" src=\"https:\/\/www.dd-vom-hochwald.de\/wp-content\/uploads\/2018\/07\/83A41C48-D199-4B57-BB0A-DC5766EF94F6-2-1024x576.jpg\" class=\"attachment-large size-large\" alt=\"\" loading=\"lazy\" srcset=\"https:\/\/www.dd-vom-hochwald.de\/wp-content\/uploads\/2018\/07\/83A41C48-D199-4B57-BB0A-DC5766EF94F6-2-1024x576.jpg 1024w, https:\/\/www.dd-vom-hochwald.de\/wp-content\/uploads\/2018\/07\/83A41C48-D199-4B57-BB0A-DC5766EF94F6-2-300x169.jpg 300w, https:\/\/www.dd-vom-hochwald.de\/wp-content\/uploads\/2018\/07\/83A41C48-D199-4B57-BB0A-DC5766EF94F6-2-768x432.jpg 768w\" sizes=\"(max-width: 1024px) 100vw, 1024px\" \/>\t\t\t\t\t\t\t\t<\/a>\n\t\t\t\t\t\t\t\t\t\t\t\t\t\t<\/div>\n\t\t\t\t\t\t<\/div>\n\t\t\t\t<\/div>\n\t\t\t\t\t\t<\/div>\n\t\t\t\t\t<\/div>\n\t\t<\/div>\n\t\t\t\t\t\t\t\t<\/div>\n\t\t\t\t\t<\/div>\n\t\t<\/section>\n\t\t\t\t<section class=\"elementor-section elementor-top-section elementor-element elementor-element-0edb22e elementor-section-boxed elementor-section-height-default elementor-section-height-default\" data-id=\"0edb22e\" data-element_type=\"section\">\n\t\t\t\t\t\t<div class=\"elementor-container elementor-column-gap-default\">\n\t\t\t\t\t\t\t<div class=\"elementor-row\">\n\t\t\t\t\t<div class=\"elementor-column elementor-col-100 elementor-top-column elementor-element elementor-element-2a594f1\" data-id=\"2a594f1\" data-element_type=\"column\">\n\t\t\t<div class=\"elementor-column-wrap elementor-element-populated\">\n\t\t\t\t\t\t\t<div class=\"elementor-widget-wrap\">\n\t\t\t\t\t\t<div class=\"elementor-element elementor-element-4d62287 elementor-widget elementor-widget-spacer\" data-id=\"4d62287\" data-element_type=\"widget\" data-widget_type=\"spacer.default\">\n\t\t\t\t<div class=\"elementor-widget-container\">\n\t\t\t\t\t<div class=\"elementor-spacer\">\n\t\t\t<div class=\"elementor-spacer-inner\"><\/div>\n\t\t<\/div>\n\t\t\t\t<\/div>\n\t\t\t\t<\/div>\n\t\t\t\t\t\t<\/div>\n\t\t\t\t\t<\/div>\n\t\t<\/div>\n\t\t\t\t\t\t\t\t<\/div>\n\t\t\t\t\t<\/div>\n\t\t<\/section>\n\t\t\t\t\t\t<\/div>\n\t\t\t\t\t\t<\/div>\n\t\t\t\t\t<\/div>\n\t\t","protected":false},"excerpt":{"rendered":"<p>Deutsch Drahthaar vom Hochwald \u00dcber mich Als Kind streifte ich schon durch die W\u00e4lder des Hochwaldes, den man im westlichen Teil des Hunsr\u00fcck findet.\u00a0 Wechsel, Dickungen und Buchenw\u00e4lder zogen mich geradezu magisch an. Hinter jedem Baum konnte ja ein Abenteuer lauern. Wild zu entdecken war nat\u00fcrlich das allergr\u00f6\u00dfte. Das jagdliche \u201d Highlight\u201d des Jahres war [&hellip;]<\/p>\n","protected":false},"author":1,"featured_media":0,"parent":0,"menu_order":0,"comment_status":"closed","ping_status":"closed","template":"elementor_header_footer","meta":[],"_links":{"self":[{"href":"https:\/\/www.dd-vom-hochwald.de\/index.php\/wp-json\/wp\/v2\/pages\/136"}],"collection":[{"href":"https:\/\/www.dd-vom-hochwald.de\/index.php\/wp-json\/wp\/v2\/pages"}],"about":[{"href":"https:\/\/www.dd-vom-hochwald.de\/index.php\/wp-json\/wp\/v2\/types\/page"}],"author":[{"embeddable":true,"href":"https:\/\/www.dd-vom-hochwald.de\/index.php\/wp-json\/wp\/v2\/users\/1"}],"replies":[{"embeddable":true,"href":"https:\/\/www.dd-vom-hochwald.de\/index.php\/wp-json\/wp\/v2\/comments?post=136"}],"version-history":[{"count":61,"href":"https:\/\/www.dd-vom-hochwald.de\/index.php\/wp-json\/wp\/v2\/pages\/136\/revisions"}],"predecessor-version":[{"id":2249,"href":"https:\/\/www.dd-vom-hochwald.de\/index.php\/wp-json\/wp\/v2\/pages\/136\/revisions\/2249"}],"wp:attachment":[{"href":"https:\/\/www.dd-vom-hochwald.de\/index.php\/wp-json\/wp\/v2\/media?parent=136"}],"curies":[{"name":"wp","href":"https:\/\/api.w.org\/{rel}","templated":true}]}}