{"id":166,"date":"2018-05-14T15:39:30","date_gmt":"2018-05-14T15:39:30","guid":{"rendered":"http:\/\/www.dd-vom-hochwald.de\/?page_id=166"},"modified":"2018-07-05T12:44:10","modified_gmt":"2018-07-05T12:44:10","slug":"impressum","status":"publish","type":"page","link":"https:\/\/www.dd-vom-hochwald.de\/index.php\/impressum\/","title":{"rendered":"Impressum"},"content":{"rendered":"\t\t<div data-elementor-type=\"wp-page\" data-elementor-id=\"166\" class=\"elementor elementor-166 elementor-bc-flex-widget\" data-elementor-settings=\"[]\">\n\t\t\t\t\t\t<div class=\"elementor-inner\">\n\t\t\t\t\t\t\t<div class=\"elementor-section-wrap\">\n\t\t\t\t\t\t\t<section class=\"elementor-section elementor-top-section elementor-element elementor-element-8ef5d61 elementor-section-boxed elementor-section-height-default elementor-section-height-default\" data-id=\"8ef5d61\" data-element_type=\"section\">\n\t\t\t\t\t\t<div class=\"elementor-container elementor-column-gap-default\">\n\t\t\t\t\t\t\t<div class=\"elementor-row\">\n\t\t\t\t\t<div class=\"elementor-column elementor-col-100 elementor-top-column elementor-element elementor-element-74ca0a4\" data-id=\"74ca0a4\" data-element_type=\"column\">\n\t\t\t<div class=\"elementor-column-wrap elementor-element-populated\">\n\t\t\t\t\t\t\t<div class=\"elementor-widget-wrap\">\n\t\t\t\t\t\t<div class=\"elementor-element elementor-element-d688d4d elementor-widget elementor-widget-spacer\" data-id=\"d688d4d\" data-element_type=\"widget\" data-widget_type=\"spacer.default\">\n\t\t\t\t<div class=\"elementor-widget-container\">\n\t\t\t\t\t<div class=\"elementor-spacer\">\n\t\t\t<div class=\"elementor-spacer-inner\"><\/div>\n\t\t<\/div>\n\t\t\t\t<\/div>\n\t\t\t\t<\/div>\n\t\t\t\t\t\t<\/div>\n\t\t\t\t\t<\/div>\n\t\t<\/div>\n\t\t\t\t\t\t\t\t<\/div>\n\t\t\t\t\t<\/div>\n\t\t<\/section>\n\t\t\t\t<section class=\"elementor-section elementor-top-section elementor-element elementor-element-94913f5 elementor-section-boxed elementor-section-height-default elementor-section-height-default\" data-id=\"94913f5\" data-element_type=\"section\">\n\t\t\t\t\t\t<div class=\"elementor-container elementor-column-gap-default\">\n\t\t\t\t\t\t\t<div class=\"elementor-row\">\n\t\t\t\t\t<div class=\"elementor-column elementor-col-100 elementor-top-column elementor-element elementor-element-4355339\" data-id=\"4355339\" data-element_type=\"column\">\n\t\t\t<div class=\"elementor-column-wrap elementor-element-populated\">\n\t\t\t\t\t\t\t<div class=\"elementor-widget-wrap\">\n\t\t\t\t\t\t<div class=\"elementor-element elementor-element-0d275c0 elementor-widget elementor-widget-heading\" data-id=\"0d275c0\" data-element_type=\"widget\" data-widget_type=\"heading.default\">\n\t\t\t\t<div class=\"elementor-widget-container\">\n\t\t\t<h1 class=\"elementor-heading-title elementor-size-xl\">Impressum<\/h1>\t\t<\/div>\n\t\t\t\t<\/div>\n\t\t\t\t\t\t<\/div>\n\t\t\t\t\t<\/div>\n\t\t<\/div>\n\t\t\t\t\t\t\t\t<\/div>\n\t\t\t\t\t<\/div>\n\t\t<\/section>\n\t\t\t\t<section class=\"elementor-section elementor-top-section elementor-element elementor-element-2eff1371 elementor-section-boxed elementor-section-height-default elementor-section-height-default\" data-id=\"2eff1371\" data-element_type=\"section\">\n\t\t\t\t\t\t<div class=\"elementor-container elementor-column-gap-default\">\n\t\t\t\t\t\t\t<div class=\"elementor-row\">\n\t\t\t\t\t<div class=\"elementor-column elementor-col-100 elementor-top-column elementor-element elementor-element-56c8fc2\" data-id=\"56c8fc2\" data-element_type=\"column\">\n\t\t\t<div class=\"elementor-column-wrap elementor-element-populated\">\n\t\t\t\t\t\t\t<div class=\"elementor-widget-wrap\">\n\t\t\t\t\t\t<div class=\"elementor-element elementor-element-68691add elementor-widget elementor-widget-text-editor\" data-id=\"68691add\" data-element_type=\"widget\" data-widget_type=\"text-editor.default\">\n\t\t\t\t<div class=\"elementor-widget-container\">\n\t\t\t\t\t\t\t\t<div class=\"elementor-text-editor elementor-clearfix\">\n\t\t\t\t<p><b>Christian Gottlieb<br \/> <\/b><br \/> Regulshausener Str. 46<br \/> 55743 Idar-Oberstein<br \/> Telefon: 06781 &#8211; 26524<br \/> Mobil: 0160 &#8211; 94601631<br \/> E-Mail: christiangottlieb@web.de <b><\/b><\/p><p>Haftungsausschluss<\/p><p><span style=\"font-size: 16px;\">Die bereitgestellten Informationen auf dieser Homepage wurden sorgf\u00e4ltig gepr\u00fcft und werden regelm\u00e4\u00dfig aktualisiert. Jedoch kann keine Garantie daf\u00fcr \u00fcbernommen werden, dass alle Angaben zu jeder Zeit vollst\u00e4ndig, richtig und mit gr\u00f6\u00dftm\u00f6glicher Aktualit\u00e4t dargestellt sind. Wir sind f\u00fcr die Inhalte von WebSites, auf die Links unter www.dd-vom-hochwald.de verweisen, nicht verantwortlich ! Hierbei handelt es sich um fremde Angebote und Informationen, auf deren inhaltliche Gestaltung wir keinen Einfluss hat. Sollten Sie Kenntnis von rechtswidrigen Inhalten auf den WebSites anderer Anbieter erhalten, die Sie \u00fcber unsere WebSite per Link erreichen k\u00f6nnen, geben Sie uns bitte einen Hinweis, damit wir den Link auf das entsprechende Angebot pr\u00fcfen k\u00f6nnen ! Namentlich gekennzeichnete Beitr\u00e4ge geben nicht unbedingt die Meinung des Herausgebers oder der Redaktion wieder, sondern stellen die Meinung des Autors dar. F\u00fcr die Richtigkeit von Angaben, Daten, Behauptungen etc. in den Beitr\u00e4gen kann der Herausgeber bzw. die Redaktion keine Verantwortung \u00fcbernehmen. Wir behalten uns vor, \u00c4nderungen der Informationen auf diesen Webseiten ohne vorherige Ank\u00fcndigung durchzuf\u00fchren. Datenschutz Alle personenbezogenen Daten, die \u00fcber diese Website erhoben werden, dienen ausschlie\u00dflich der im jeweiligen Bereich angegebenen Nutzung \u2013 beispielsweise zum Versand des Newsletters. Diese Daten werden in keinem Fall an Dritte weitergegeben. Einige Seiten dieser Internetpr\u00e4senz verwenden nicht persistente Cookies, die zur Zwischenspeicherung von Daten f\u00fcr den jeweiligen Bereich ben\u00f6tigt werden. Urheberrecht und Recht am eigenen Bild Wir sind bestrebt, in allen Publikationen die Urheberrechte der verwendeten Grafiken, Sounds und Texte zu beachten, von uns selbst erstellte Grafiken, Sounds und Texte zu nutzen oder auf lizenzfreie Grafiken, Sounds und Texte zur\u00fcckzugreifen. Sollte sich auf den jeweiligen Seiten dennoch eine ungekennzeichnete, aber durch fremdes Copyright gesch\u00fctzte Grafik, ein Sound oder Text befinden, so konnte das Copyright nicht festgestellt werden. Im Falle einer solchen unbeabsichtigten Copyrightverletzung werden wir das entsprechende Objekt nach Benachrichtigung aus seiner Publikation entfernen bzw. mit dem entsprechenden Copyright kenntlich machen. Das Copyright f\u00fcr ver\u00f6ffentlichte, von uns selbst erstellten Objekten bleibt allein beim Webmaster der Homepage. Eine Vervielf\u00e4ltigung oder Verwendung solcher Grafiken, Sounds oder Texte in anderen elektronischen oder gedruckten Publikationen ist ohne ausdr\u00fcckliche Zustimmung nicht gestattet !<\/span><\/p>\t\t\t\t\t<\/div>\n\t\t\t\t\t\t<\/div>\n\t\t\t\t<\/div>\n\t\t\t\t\t\t<\/div>\n\t\t\t\t\t<\/div>\n\t\t<\/div>\n\t\t\t\t\t\t\t\t<\/div>\n\t\t\t\t\t<\/div>\n\t\t<\/section>\n\t\t\t\t\t\t<\/div>\n\t\t\t\t\t\t<\/div>\n\t\t\t\t\t<\/div>\n\t\t","protected":false},"excerpt":{"rendered":"<p>Impressum Christian Gottlieb Regulshausener Str. 46 55743 Idar-Oberstein Telefon: 06781 &#8211; 26524 Mobil: 0160 &#8211; 94601631 E-Mail: christiangottlieb@web.de Haftungsausschluss Die bereitgestellten Informationen auf dieser Homepage wurden sorgf\u00e4ltig gepr\u00fcft und werden regelm\u00e4\u00dfig aktualisiert. Jedoch kann keine Garantie daf\u00fcr \u00fcbernommen werden, dass alle Angaben zu jeder Zeit vollst\u00e4ndig, richtig und mit gr\u00f6\u00dftm\u00f6glicher Aktualit\u00e4t dargestellt sind. Wir sind [&hellip;]<\/p>\n","protected":false},"author":1,"featured_media":0,"parent":0,"menu_order":0,"comment_status":"closed","ping_status":"closed","template":"elementor_header_footer","meta":[],"_links":{"self":[{"href":"https:\/\/www.dd-vom-hochwald.de\/index.php\/wp-json\/wp\/v2\/pages\/166"}],"collection":[{"href":"https:\/\/www.dd-vom-hochwald.de\/index.php\/wp-json\/wp\/v2\/pages"}],"about":[{"href":"https:\/\/www.dd-vom-hochwald.de\/index.php\/wp-json\/wp\/v2\/types\/page"}],"author":[{"embeddable":true,"href":"https:\/\/www.dd-vom-hochwald.de\/index.php\/wp-json\/wp\/v2\/users\/1"}],"replies":[{"embeddable":true,"href":"https:\/\/www.dd-vom-hochwald.de\/index.php\/wp-json\/wp\/v2\/comments?post=166"}],"version-history":[{"count":7,"href":"https:\/\/www.dd-vom-hochwald.de\/index.php\/wp-json\/wp\/v2\/pages\/166\/revisions"}],"predecessor-version":[{"id":672,"href":"https:\/\/www.dd-vom-hochwald.de\/index.php\/wp-json\/wp\/v2\/pages\/166\/revisions\/672"}],"wp:attachment":[{"href":"https:\/\/www.dd-vom-hochwald.de\/index.php\/wp-json\/wp\/v2\/media?parent=166"}],"curies":[{"name":"wp","href":"https:\/\/api.w.org\/{rel}","templated":true}]}}