{"id":1895,"date":"2020-11-19T17:55:15","date_gmt":"2020-11-19T15:55:15","guid":{"rendered":"http:\/\/www.dd-vom-hochwald.de\/?page_id=1895"},"modified":"2025-02-03T14:33:55","modified_gmt":"2025-02-03T12:33:55","slug":"wurferwartung","status":"publish","type":"page","link":"https:\/\/www.dd-vom-hochwald.de\/index.php\/wurferwartung\/","title":{"rendered":"Wurferwartung 2025"},"content":{"rendered":"\t\t<div data-elementor-type=\"wp-page\" data-elementor-id=\"1895\" class=\"elementor elementor-1895\" data-elementor-settings=\"[]\">\n\t\t\t\t\t\t<div class=\"elementor-inner\">\n\t\t\t\t\t\t\t<div class=\"elementor-section-wrap\">\n\t\t\t\t\t\t\t<section class=\"elementor-section elementor-top-section elementor-element elementor-element-d3ba8cf elementor-section-boxed elementor-section-height-default elementor-section-height-default\" data-id=\"d3ba8cf\" data-element_type=\"section\">\n\t\t\t\t\t\t<div class=\"elementor-container elementor-column-gap-default\">\n\t\t\t\t\t\t\t<div class=\"elementor-row\">\n\t\t\t\t\t<div class=\"elementor-column elementor-col-100 elementor-top-column elementor-element elementor-element-fa6ac14\" data-id=\"fa6ac14\" data-element_type=\"column\">\n\t\t\t<div class=\"elementor-column-wrap elementor-element-populated\">\n\t\t\t\t\t\t\t<div class=\"elementor-widget-wrap\">\n\t\t\t\t\t\t<div class=\"elementor-element elementor-element-8d822f1 elementor-widget elementor-widget-heading\" data-id=\"8d822f1\" data-element_type=\"widget\" data-widget_type=\"heading.default\">\n\t\t\t\t<div class=\"elementor-widget-container\">\n\t\t\t<h1 class=\"elementor-heading-title elementor-size-default\">Wurferwartung Fr\u00fchjahr 2025 <span data-elementor-setting-key=\"title\" data-pen-placeholder=\"Type Here...\" style=\"overflow-wrap: break-word; outline-color: currentcolor; outline-style: none; font-variant-caps: normal; font-family: Roboto, sans-serif; font-size: 28px; font-style: normal; font-weight: 600;\"><span style=\"font-family: var( --e-global-typography-primary-font-family ), Sans-serif; font-size: 32px;\"><\/span><br><\/span><\/h1>\t\t<\/div>\n\t\t\t\t<\/div>\n\t\t\t\t<div class=\"elementor-element elementor-element-1cf40d1 elementor-widget elementor-widget-heading\" data-id=\"1cf40d1\" data-element_type=\"widget\" data-widget_type=\"heading.default\">\n\t\t\t\t<div class=\"elementor-widget-container\">\n\t\t\t<h2 class=\"elementor-heading-title elementor-size-default\">Wir erwarten braunschimmel und braune Welpen aus der Verbindung\u2028.<br><br>Die H\u00fcndin ist tr\u00e4chtig, die Welpen werden Anfang M\u00e4rz erwartet.<\/h2>\t\t<\/div>\n\t\t\t\t<\/div>\n\t\t\t\t\t\t<\/div>\n\t\t\t\t\t<\/div>\n\t\t<\/div>\n\t\t\t\t\t\t\t\t<\/div>\n\t\t\t\t\t<\/div>\n\t\t<\/section>\n\t\t\t\t<section class=\"elementor-section elementor-top-section elementor-element elementor-element-535c93a elementor-section-boxed elementor-section-height-default elementor-section-height-default\" data-id=\"535c93a\" data-element_type=\"section\">\n\t\t\t\t\t\t<div class=\"elementor-container elementor-column-gap-default\">\n\t\t\t\t\t\t\t<div class=\"elementor-row\">\n\t\t\t\t\t<div class=\"elementor-column elementor-col-50 elementor-top-column elementor-element elementor-element-5913758\" data-id=\"5913758\" data-element_type=\"column\">\n\t\t\t<div class=\"elementor-column-wrap elementor-element-populated\">\n\t\t\t\t\t\t\t<div class=\"elementor-widget-wrap\">\n\t\t\t\t\t\t<div class=\"elementor-element elementor-element-0f48b5f elementor-widget elementor-widget-image\" data-id=\"0f48b5f\" data-element_type=\"widget\" data-widget_type=\"image.default\">\n\t\t\t\t<div class=\"elementor-widget-container\">\n\t\t\t\t\t\t\t\t<div class=\"elementor-image\">\n\t\t\t\t\t\t\t\t\t\t\t\t<img width=\"1024\" height=\"682\" src=\"https:\/\/www.dd-vom-hochwald.de\/wp-content\/uploads\/2021\/11\/VincentDommer_Alma_Hund_2-1024x682.jpg\" class=\"attachment-large size-large\" alt=\"\" loading=\"lazy\" srcset=\"https:\/\/www.dd-vom-hochwald.de\/wp-content\/uploads\/2021\/11\/VincentDommer_Alma_Hund_2-1024x682.jpg 1024w, https:\/\/www.dd-vom-hochwald.de\/wp-content\/uploads\/2021\/11\/VincentDommer_Alma_Hund_2-300x200.jpg 300w, https:\/\/www.dd-vom-hochwald.de\/wp-content\/uploads\/2021\/11\/VincentDommer_Alma_Hund_2-768x512.jpg 768w, https:\/\/www.dd-vom-hochwald.de\/wp-content\/uploads\/2021\/11\/VincentDommer_Alma_Hund_2-350x233.jpg 350w, https:\/\/www.dd-vom-hochwald.de\/wp-content\/uploads\/2021\/11\/VincentDommer_Alma_Hund_2.jpg 2000w\" sizes=\"(max-width: 1024px) 100vw, 1024px\" \/>\t\t\t\t\t\t\t\t\t\t\t\t\t\t<\/div>\n\t\t\t\t\t\t<\/div>\n\t\t\t\t<\/div>\n\t\t\t\t<div class=\"elementor-element elementor-element-bc4586d elementor-widget elementor-widget-heading\" data-id=\"bc4586d\" data-element_type=\"widget\" data-widget_type=\"heading.default\">\n\t\t\t\t<div class=\"elementor-widget-container\">\n\t\t\t<h2 class=\"elementor-heading-title elementor-size-default\"><span class=\"elementor-image-box-title elementor-inline-editing pen\" data-elementor-setting-key=\"title_text\" data-elementor-inline-editing-toolbar=\"none\" data-pen-placeholder=\"Type Here...\" style=\"overflow-wrap: break-word; margin-bottom: 20px; outline-color: currentcolor; outline-style: none; font-variant-caps: normal; line-height: 1.4; font-family: var( --e-global-typography-primary-font-family ), Sans-serif; font-size: 18px; font-style: normal;\">Alma von der Westenbruegge<\/span><\/h2>\t\t<\/div>\n\t\t\t\t<\/div>\n\t\t\t\t<div class=\"elementor-element elementor-element-c30c7ec elementor-button-info elementor-widget elementor-widget-button\" data-id=\"c30c7ec\" data-element_type=\"widget\" data-widget_type=\"button.default\">\n\t\t\t\t<div class=\"elementor-widget-container\">\n\t\t\t\t\t<div class=\"elementor-button-wrapper\">\n\t\t\t<a href=\"http:\/\/www.dd-vom-hochwald.de\/wp-content\/uploads\/2024\/02\/Alma_von_der_westenbruegge_Ahnentafel.pdf\" target=\"_blank\" class=\"elementor-button-link elementor-button elementor-size-sm elementor-animation-shrink\" role=\"button\">\n\t\t\t\t\t\t<span class=\"elementor-button-content-wrapper\">\n\t\t\t\t\t\t<span class=\"elementor-button-text\">Ahnentafel<\/span>\n\t\t<\/span>\n\t\t\t\t\t<\/a>\n\t\t<\/div>\n\t\t\t\t<\/div>\n\t\t\t\t<\/div>\n\t\t\t\t<div class=\"elementor-element elementor-element-166cd99 elementor-widget elementor-widget-text-editor\" data-id=\"166cd99\" data-element_type=\"widget\" data-widget_type=\"text-editor.default\">\n\t\t\t\t<div class=\"elementor-widget-container\">\n\t\t\t\t\t\t\t\t<div class=\"elementor-text-editor elementor-clearfix\">\n\t\t\t\t<p><b>gew\u00f6lft am:<\/b>\u00a016.03.2020<br \/><b>Farbe:<\/b>\u00a0Brsch<br \/><b>Zuchtbuch-Nr.:<\/b>\u00a0231443<br \/><b>DGStB-Nr.:<\/b>\u00a071621<br \/><b>Zuchtregister-Nr.:<\/b>\u00a0ZR 404\/16<br \/><b>Zuchtschau I &#8211; F\/ H:<\/b>\u00a0sg10\/sg10<br \/><b>Zuchtschau I &#8211; H\/ L:<\/b>\u00a060\/61<br \/><b>VJP 1:<\/b>\u00a077Pkt<br \/><b>HZP 1:<\/b>\u00a0184 o.Sp.<\/p><p>Medizinische Befunde: HD und OCD frei, Heterozygot Rauhaar<br \/>Leistungszeichen: HN, Spurlaut \/ Sichtlaut, Brauchbarkeitspr\u00fcfung<\/p><p>Alma von der Westenbruegge ist ein sch\u00f6ner, quadratisch kr\u00e4ftiger Hund mit ausgepr\u00e4gtem Bart und eng anliegendem dichtem, hartem dunkel pigmentiertem Haar.\u00a0<\/p><p>Sie stammt aus der Verbindung Greta vom Hochwald und Django vom Farnbachtal, beides ruhige ausgeglichene Hunde mit H\u00e4rte und Sch\u00e4rfe. Alle Welpen dieser Verpaarung sind Spur- und Sichtlaut.<\/p><p>Alma ist ein Hund mit enormen Vorw\u00e4rtsdrang und Spurwillen, kombiniert mit unerm\u00fcdlicher Arbeitsleistung.<\/p>\t\t\t\t\t<\/div>\n\t\t\t\t\t\t<\/div>\n\t\t\t\t<\/div>\n\t\t\t\t\t\t<\/div>\n\t\t\t\t\t<\/div>\n\t\t<\/div>\n\t\t\t\t<div class=\"elementor-column elementor-col-50 elementor-top-column elementor-element elementor-element-966a03e\" data-id=\"966a03e\" data-element_type=\"column\">\n\t\t\t<div class=\"elementor-column-wrap elementor-element-populated\">\n\t\t\t\t\t\t\t<div class=\"elementor-widget-wrap\">\n\t\t\t\t\t\t<div class=\"elementor-element elementor-element-8180627 elementor-widget elementor-widget-image\" data-id=\"8180627\" data-element_type=\"widget\" data-widget_type=\"image.default\">\n\t\t\t\t<div class=\"elementor-widget-container\">\n\t\t\t\t\t\t\t\t<div class=\"elementor-image\">\n\t\t\t\t\t\t\t\t\t\t\t\t<img width=\"455\" height=\"564\" src=\"https:\/\/www.dd-vom-hochwald.de\/wp-content\/uploads\/2023\/10\/WhatsApp-Image-2023-10-20-at-14.15.18.jpeg\" class=\"attachment-large size-large\" alt=\"\" loading=\"lazy\" srcset=\"https:\/\/www.dd-vom-hochwald.de\/wp-content\/uploads\/2023\/10\/WhatsApp-Image-2023-10-20-at-14.15.18.jpeg 455w, https:\/\/www.dd-vom-hochwald.de\/wp-content\/uploads\/2023\/10\/WhatsApp-Image-2023-10-20-at-14.15.18-242x300.jpeg 242w, https:\/\/www.dd-vom-hochwald.de\/wp-content\/uploads\/2023\/10\/WhatsApp-Image-2023-10-20-at-14.15.18-350x434.jpeg 350w\" sizes=\"(max-width: 455px) 100vw, 455px\" \/>\t\t\t\t\t\t\t\t\t\t\t\t\t\t<\/div>\n\t\t\t\t\t\t<\/div>\n\t\t\t\t<\/div>\n\t\t\t\t<div class=\"elementor-element elementor-element-e3ac489 elementor-widget elementor-widget-heading\" data-id=\"e3ac489\" data-element_type=\"widget\" data-widget_type=\"heading.default\">\n\t\t\t\t<div class=\"elementor-widget-container\">\n\t\t\t<h2 class=\"elementor-heading-title elementor-size-default\"><font size=\"4\">Chef vom Wiedfeld<\/font><\/h2>\t\t<\/div>\n\t\t\t\t<\/div>\n\t\t\t\t<div class=\"elementor-element elementor-element-5528638 elementor-button-info elementor-widget elementor-widget-button\" data-id=\"5528638\" data-element_type=\"widget\" data-widget_type=\"button.default\">\n\t\t\t\t<div class=\"elementor-widget-container\">\n\t\t\t\t\t<div class=\"elementor-button-wrapper\">\n\t\t\t<a href=\"http:\/\/www.dd-vom-hochwald.de\/wp-content\/uploads\/2024\/02\/Die-Ahnentafel-ist-eine-Urkunde-die-sorgfa\u0308ltig-aufzubewahren-ist.-Der-auf-der-Ahnentafel.pdf\" class=\"elementor-button-link elementor-button elementor-size-sm elementor-animation-shrink\" role=\"button\">\n\t\t\t\t\t\t<span class=\"elementor-button-content-wrapper\">\n\t\t\t\t\t\t<span class=\"elementor-button-text\">Ahnentafel<\/span>\n\t\t<\/span>\n\t\t\t\t\t<\/a>\n\t\t<\/div>\n\t\t\t\t<\/div>\n\t\t\t\t<\/div>\n\t\t\t\t<div class=\"elementor-element elementor-element-01f7340 elementor-widget elementor-widget-text-editor\" data-id=\"01f7340\" data-element_type=\"widget\" data-widget_type=\"text-editor.default\">\n\t\t\t\t<div class=\"elementor-widget-container\">\n\t\t\t\t\t\t\t\t<div class=\"elementor-text-editor elementor-clearfix\">\n\t\t\t\t<p><b>gew\u00f6lft am:<\/b>\u00a010.10.2019<br \/><b>Farbe:<\/b>\u00a0braun mit Abzeichen F\/H sg 10\/sg 11, H\/L 63\/65, HD-A, <br \/>OCD-frei, ED-frei, von Willebrandt frei, Homozygot Rauhaar<br \/><b>Corona Spur:<\/b>\u00a04<br \/><b>VJP 1:<\/b>\u00a070 Pkt.<br \/><b>VJP 2:<\/b>\u00a072 Pkt.<b><br \/>HZP 1:<\/b>\u00a0188 Pkt.<br \/><b>VGP 1:<\/b>\u00a0334 Pkt. \/ I. Preis \u00dcF HN, sichtlaut<br \/><br \/>Medizinische Befunde: HD-A, ED u. OCD frei, Willebrand frei, Homozygot Rauhaar<br \/>Leistungszeichen: HN,Sj-DD, SwI, VStP 68A,spurl.- und sichtl.-<br \/><br \/>Beschreibung: Chef ist ein sehr ruhiger und ausgeglichener dunkelbrauner R\u00fcde mit wei\u00dfem Brustfleck. Mittellanges und absolut dichtes Haar, der dem Standard der Rasse voll entspricht. Menschen, vor allem auch Kindern begegnet er freundlich und absolut ruhig. Gegen\u00fcber Artgenossen ist er v\u00f6llig neutral ob gro\u00df oder klein. Der R\u00fcde wird auf Niederwild- und Dr\u00fcckjagden gef\u00fchrt.Auf Dr\u00fcckjagden stellt er seine Wildsch\u00e4rfe und Finderwillen am Schwarzwild und seinen Jagdverstand unter Beweis. (((Chef ist mit dem Niederwild (Kaninchen) vor der Haust\u00fcr gro\u00df geworden, zeigt daher an der Hecke und auch im Feld sehr sch\u00f6ne Bilder beim Vorstehen und sonstigen Arbeiten))). Seine Ausbildungsbereitschaft und sein Arbeitswille lie\u00dfen ihn alle Pr\u00fcfungen (VJP, HZP, VGP) mit besten Ergebnissen im oberen Bereich bestehen.<\/p>\t\t\t\t\t<\/div>\n\t\t\t\t\t\t<\/div>\n\t\t\t\t<\/div>\n\t\t\t\t\t\t<\/div>\n\t\t\t\t\t<\/div>\n\t\t<\/div>\n\t\t\t\t\t\t\t\t<\/div>\n\t\t\t\t\t<\/div>\n\t\t<\/section>\n\t\t\t\t<section class=\"elementor-section elementor-top-section elementor-element elementor-element-1c307c0 elementor-section-boxed elementor-section-height-default elementor-section-height-default\" data-id=\"1c307c0\" data-element_type=\"section\">\n\t\t\t\t\t\t<div class=\"elementor-container elementor-column-gap-default\">\n\t\t\t\t\t\t\t<div class=\"elementor-row\">\n\t\t\t\t\t<div class=\"elementor-column elementor-col-100 elementor-top-column elementor-element elementor-element-15ed8d5\" data-id=\"15ed8d5\" data-element_type=\"column\">\n\t\t\t<div class=\"elementor-column-wrap elementor-element-populated\">\n\t\t\t\t\t\t\t<div class=\"elementor-widget-wrap\">\n\t\t\t\t\t\t<div class=\"elementor-element elementor-element-97c375a elementor-widget elementor-widget-heading\" data-id=\"97c375a\" data-element_type=\"widget\" data-widget_type=\"heading.default\">\n\t\t\t\t<div class=\"elementor-widget-container\">\n\t\t\t<h3 class=\"elementor-heading-title elementor-size-default\">Zwinger<\/h3>\t\t<\/div>\n\t\t\t\t<\/div>\n\t\t\t\t<div class=\"elementor-element elementor-element-d745a04 elementor-widget elementor-widget-heading\" data-id=\"d745a04\" data-element_type=\"widget\" data-widget_type=\"heading.default\">\n\t\t\t\t<div class=\"elementor-widget-container\">\n\t\t\t<h3 class=\"elementor-heading-title elementor-size-default\"><h3 class=\"elementor-heading-title elementor-size-default elementor-inline-editing pen\" data-elementor-setting-key=\"title\" data-pen-placeholder=\"Type Here...\" contenteditable=\"true\">Deutsch Drahthaar vom Hochwald<\/h3><\/h3>\t\t<\/div>\n\t\t\t\t<\/div>\n\t\t\t\t<div class=\"elementor-element elementor-element-6d35c6b elementor-widget elementor-widget-heading\" data-id=\"6d35c6b\" data-element_type=\"widget\" data-widget_type=\"heading.default\">\n\t\t\t\t<div class=\"elementor-widget-container\">\n\t\t\t<h3 class=\"elementor-heading-title elementor-size-default\"><br>Christian Gottlieb<br>Regulshausenerstra\u00dfe 46<br>55743 Idar-Oberstein<br>016094601631<br>christiangottlieb@web.de<\/h3>\t\t<\/div>\n\t\t\t\t<\/div>\n\t\t\t\t\t\t<\/div>\n\t\t\t\t\t<\/div>\n\t\t<\/div>\n\t\t\t\t\t\t\t\t<\/div>\n\t\t\t\t\t<\/div>\n\t\t<\/section>\n\t\t\t\t\t\t<\/div>\n\t\t\t\t\t\t<\/div>\n\t\t\t\t\t<\/div>\n\t\t","protected":false},"excerpt":{"rendered":"<p>Wurferwartung Fr\u00fchjahr 2025 Wir erwarten braunschimmel und braune Welpen aus der Verbindung\u2028. Die H\u00fcndin ist tr\u00e4chtig, die Welpen werden Anfang M\u00e4rz erwartet. Alma von der Westenbruegge Ahnentafel gew\u00f6lft am:\u00a016.03.2020Farbe:\u00a0BrschZuchtbuch-Nr.:\u00a0231443DGStB-Nr.:\u00a071621Zuchtregister-Nr.:\u00a0ZR 404\/16Zuchtschau I &#8211; F\/ H:\u00a0sg10\/sg10Zuchtschau I &#8211; H\/ L:\u00a060\/61VJP 1:\u00a077PktHZP 1:\u00a0184 o.Sp. Medizinische Befunde: HD und OCD frei, Heterozygot RauhaarLeistungszeichen: HN, Spurlaut \/ Sichtlaut, Brauchbarkeitspr\u00fcfung Alma [&hellip;]<\/p>\n","protected":false},"author":2,"featured_media":0,"parent":0,"menu_order":0,"comment_status":"closed","ping_status":"closed","template":"elementor_header_footer","meta":[],"_links":{"self":[{"href":"https:\/\/www.dd-vom-hochwald.de\/index.php\/wp-json\/wp\/v2\/pages\/1895"}],"collection":[{"href":"https:\/\/www.dd-vom-hochwald.de\/index.php\/wp-json\/wp\/v2\/pages"}],"about":[{"href":"https:\/\/www.dd-vom-hochwald.de\/index.php\/wp-json\/wp\/v2\/types\/page"}],"author":[{"embeddable":true,"href":"https:\/\/www.dd-vom-hochwald.de\/index.php\/wp-json\/wp\/v2\/users\/2"}],"replies":[{"embeddable":true,"href":"https:\/\/www.dd-vom-hochwald.de\/index.php\/wp-json\/wp\/v2\/comments?post=1895"}],"version-history":[{"count":79,"href":"https:\/\/www.dd-vom-hochwald.de\/index.php\/wp-json\/wp\/v2\/pages\/1895\/revisions"}],"predecessor-version":[{"id":2320,"href":"https:\/\/www.dd-vom-hochwald.de\/index.php\/wp-json\/wp\/v2\/pages\/1895\/revisions\/2320"}],"wp:attachment":[{"href":"https:\/\/www.dd-vom-hochwald.de\/index.php\/wp-json\/wp\/v2\/media?parent=1895"}],"curies":[{"name":"wp","href":"https:\/\/api.w.org\/{rel}","templated":true}]}}