{"id":317,"date":"2018-05-22T16:52:00","date_gmt":"2018-05-22T16:52:00","guid":{"rendered":"http:\/\/www.dd-vom-hochwald.de\/?page_id=317"},"modified":"2018-07-08T14:33:01","modified_gmt":"2018-07-08T14:33:01","slug":"awurf","status":"publish","type":"page","link":"https:\/\/www.dd-vom-hochwald.de\/index.php\/wurfe\/awurf\/","title":{"rendered":"A Wurf"},"content":{"rendered":"\t\t<div data-elementor-type=\"wp-post\" data-elementor-id=\"317\" class=\"elementor elementor-317 elementor-bc-flex-widget\" data-elementor-settings=\"[]\">\n\t\t\t\t\t\t<div class=\"elementor-inner\">\n\t\t\t\t\t\t\t<div class=\"elementor-section-wrap\">\n\t\t\t\t\t\t\t<section class=\"elementor-section elementor-top-section elementor-element elementor-element-6dd9fa0 elementor-section-boxed elementor-section-height-default elementor-section-height-default\" data-id=\"6dd9fa0\" data-element_type=\"section\">\n\t\t\t\t\t\t<div class=\"elementor-container elementor-column-gap-default\">\n\t\t\t\t\t\t\t<div class=\"elementor-row\">\n\t\t\t\t\t<div class=\"elementor-column elementor-col-100 elementor-top-column elementor-element elementor-element-13543f7\" data-id=\"13543f7\" data-element_type=\"column\">\n\t\t\t<div class=\"elementor-column-wrap elementor-element-populated\">\n\t\t\t\t\t\t\t<div class=\"elementor-widget-wrap\">\n\t\t\t\t\t\t<div class=\"elementor-element elementor-element-9221465 elementor-widget elementor-widget-spacer\" data-id=\"9221465\" data-element_type=\"widget\" data-widget_type=\"spacer.default\">\n\t\t\t\t<div class=\"elementor-widget-container\">\n\t\t\t\t\t<div class=\"elementor-spacer\">\n\t\t\t<div class=\"elementor-spacer-inner\"><\/div>\n\t\t<\/div>\n\t\t\t\t<\/div>\n\t\t\t\t<\/div>\n\t\t\t\t<div class=\"elementor-element elementor-element-ab1ea0d elementor-widget elementor-widget-heading\" data-id=\"ab1ea0d\" data-element_type=\"widget\" data-widget_type=\"heading.default\">\n\t\t\t\t<div class=\"elementor-widget-container\">\n\t\t\t<h1 class=\"elementor-heading-title elementor-size-xxl\">A Wurf <\/h1>\t\t<\/div>\n\t\t\t\t<\/div>\n\t\t\t\t\t\t<\/div>\n\t\t\t\t\t<\/div>\n\t\t<\/div>\n\t\t\t\t\t\t\t\t<\/div>\n\t\t\t\t\t<\/div>\n\t\t<\/section>\n\t\t\t\t<section class=\"elementor-section elementor-top-section elementor-element elementor-element-9ea3985 elementor-section-boxed elementor-section-height-default elementor-section-height-default\" data-id=\"9ea3985\" data-element_type=\"section\">\n\t\t\t\t\t\t<div class=\"elementor-container elementor-column-gap-default\">\n\t\t\t\t\t\t\t<div class=\"elementor-row\">\n\t\t\t\t\t<div class=\"elementor-column elementor-col-100 elementor-top-column elementor-element elementor-element-6f116a8\" data-id=\"6f116a8\" data-element_type=\"column\">\n\t\t\t<div class=\"elementor-column-wrap elementor-element-populated\">\n\t\t\t\t\t\t\t<div class=\"elementor-widget-wrap\">\n\t\t\t\t\t\t<div class=\"elementor-element elementor-element-e5053c8 elementor-widget elementor-widget-text-editor\" data-id=\"e5053c8\" data-element_type=\"widget\" data-widget_type=\"text-editor.default\">\n\t\t\t\t<div class=\"elementor-widget-container\">\n\t\t\t\t\t\t\t\t<div class=\"elementor-text-editor elementor-clearfix\">\n\t\t\t\t<p><b>A-Wurf 16.03.2009<\/b><\/p>\t\t\t\t\t<\/div>\n\t\t\t\t\t\t<\/div>\n\t\t\t\t<\/div>\n\t\t\t\t\t\t<\/div>\n\t\t\t\t\t<\/div>\n\t\t<\/div>\n\t\t\t\t\t\t\t\t<\/div>\n\t\t\t\t\t<\/div>\n\t\t<\/section>\n\t\t\t\t<section class=\"elementor-section elementor-top-section elementor-element elementor-element-f8157ef elementor-section-boxed elementor-section-height-default elementor-section-height-default\" data-id=\"f8157ef\" data-element_type=\"section\">\n\t\t\t\t\t\t<div class=\"elementor-container elementor-column-gap-default\">\n\t\t\t\t\t\t\t<div class=\"elementor-row\">\n\t\t\t\t\t<div class=\"elementor-column elementor-col-50 elementor-top-column elementor-element elementor-element-e43a884\" data-id=\"e43a884\" data-element_type=\"column\">\n\t\t\t<div class=\"elementor-column-wrap elementor-element-populated\">\n\t\t\t\t\t\t\t<div class=\"elementor-widget-wrap\">\n\t\t\t\t\t\t<div class=\"elementor-element elementor-element-73d2806 elementor-widget elementor-widget-image\" data-id=\"73d2806\" data-element_type=\"widget\" data-widget_type=\"image.default\">\n\t\t\t\t<div class=\"elementor-widget-container\">\n\t\t\t\t\t\t\t\t<div class=\"elementor-image\">\n\t\t\t\t\t\t\t\t\t\t\t\t<img width=\"175\" height=\"300\" src=\"https:\/\/www.dd-vom-hochwald.de\/wp-content\/uploads\/2018\/07\/263276a0b51104215-175x300.jpg\" class=\"attachment-medium size-medium\" alt=\"\" loading=\"lazy\" srcset=\"https:\/\/www.dd-vom-hochwald.de\/wp-content\/uploads\/2018\/07\/263276a0b51104215-175x300.jpg 175w, https:\/\/www.dd-vom-hochwald.de\/wp-content\/uploads\/2018\/07\/263276a0b51104215-768x1317.jpg 768w, https:\/\/www.dd-vom-hochwald.de\/wp-content\/uploads\/2018\/07\/263276a0b51104215-597x1024.jpg 597w, https:\/\/www.dd-vom-hochwald.de\/wp-content\/uploads\/2018\/07\/263276a0b51104215.jpg 840w\" sizes=\"(max-width: 175px) 100vw, 175px\" \/>\t\t\t\t\t\t\t\t\t\t\t\t\t\t<\/div>\n\t\t\t\t\t\t<\/div>\n\t\t\t\t<\/div>\n\t\t\t\t\t\t<\/div>\n\t\t\t\t\t<\/div>\n\t\t<\/div>\n\t\t\t\t<div class=\"elementor-column elementor-col-50 elementor-top-column elementor-element elementor-element-bdc8425\" data-id=\"bdc8425\" data-element_type=\"column\">\n\t\t\t<div class=\"elementor-column-wrap elementor-element-populated\">\n\t\t\t\t\t\t\t<div class=\"elementor-widget-wrap\">\n\t\t\t\t\t\t<div class=\"elementor-element elementor-element-33d99a4 elementor-widget elementor-widget-image\" data-id=\"33d99a4\" data-element_type=\"widget\" data-widget_type=\"image.default\">\n\t\t\t\t<div class=\"elementor-widget-container\">\n\t\t\t\t\t\t\t\t<div class=\"elementor-image\">\n\t\t\t\t\t\t\t\t\t\t\t\t<img width=\"200\" height=\"300\" src=\"https:\/\/www.dd-vom-hochwald.de\/wp-content\/uploads\/2018\/07\/wero.-200x300.jpg\" class=\"attachment-medium size-medium\" alt=\"\" loading=\"lazy\" srcset=\"https:\/\/www.dd-vom-hochwald.de\/wp-content\/uploads\/2018\/07\/wero.-200x300.jpg 200w, https:\/\/www.dd-vom-hochwald.de\/wp-content\/uploads\/2018\/07\/wero..jpg 534w\" sizes=\"(max-width: 200px) 100vw, 200px\" \/>\t\t\t\t\t\t\t\t\t\t\t\t\t\t<\/div>\n\t\t\t\t\t\t<\/div>\n\t\t\t\t<\/div>\n\t\t\t\t\t\t<\/div>\n\t\t\t\t\t<\/div>\n\t\t<\/div>\n\t\t\t\t\t\t\t\t<\/div>\n\t\t\t\t\t<\/div>\n\t\t<\/section>\n\t\t\t\t<section class=\"elementor-section elementor-top-section elementor-element elementor-element-8d394c5 elementor-section-boxed elementor-section-height-default elementor-section-height-default\" data-id=\"8d394c5\" data-element_type=\"section\">\n\t\t\t\t\t\t<div class=\"elementor-container elementor-column-gap-default\">\n\t\t\t\t\t\t\t<div class=\"elementor-row\">\n\t\t\t\t\t<div class=\"elementor-column elementor-col-100 elementor-top-column elementor-element elementor-element-010b7c2\" data-id=\"010b7c2\" data-element_type=\"column\">\n\t\t\t<div class=\"elementor-column-wrap elementor-element-populated\">\n\t\t\t\t\t\t\t<div class=\"elementor-widget-wrap\">\n\t\t\t\t\t\t<section class=\"elementor-section elementor-inner-section elementor-element elementor-element-11658a2 elementor-section-boxed elementor-section-height-default elementor-section-height-default\" data-id=\"11658a2\" data-element_type=\"section\">\n\t\t\t\t\t\t<div class=\"elementor-container elementor-column-gap-default\">\n\t\t\t\t\t\t\t<div class=\"elementor-row\">\n\t\t\t\t\t<div class=\"elementor-column elementor-col-50 elementor-inner-column elementor-element elementor-element-cf7a55b\" data-id=\"cf7a55b\" data-element_type=\"column\">\n\t\t\t<div class=\"elementor-column-wrap elementor-element-populated\">\n\t\t\t\t\t\t\t<div class=\"elementor-widget-wrap\">\n\t\t\t\t\t\t<div class=\"elementor-element elementor-element-6079701 elementor-widget elementor-widget-text-editor\" data-id=\"6079701\" data-element_type=\"widget\" data-widget_type=\"text-editor.default\">\n\t\t\t\t<div class=\"elementor-widget-container\">\n\t\t\t\t\t\t\t\t<div class=\"elementor-text-editor elementor-clearfix\">\n\t\t\t\t<h2>Mutter\u00a0<\/h2><p>Eila von der Obermosel<br \/><br \/>Braunschimmel<br \/>gew. 28.04.2007<br \/><br \/>VJP 66 \/ 75<br \/>HZP 222<br \/>VGP 321 \u00dcF I. Preis<br \/>Spurlaut, Sichtlaut<br \/>HN, LN, VBR<br \/>Formwert SG11 \/ Haarwert SG11<br \/>Schwei\u00dfpr\u00fcfung 20 Stunden, 1. Preis<br \/>Schwei\u00dfpr\u00fcfung 40 Stunden, 1. Preis<\/p>\t\t\t\t\t<\/div>\n\t\t\t\t\t\t<\/div>\n\t\t\t\t<\/div>\n\t\t\t\t\t\t<\/div>\n\t\t\t\t\t<\/div>\n\t\t<\/div>\n\t\t\t\t<div class=\"elementor-column elementor-col-50 elementor-inner-column elementor-element elementor-element-f66859d\" data-id=\"f66859d\" data-element_type=\"column\">\n\t\t\t<div class=\"elementor-column-wrap elementor-element-populated\">\n\t\t\t\t\t\t\t<div class=\"elementor-widget-wrap\">\n\t\t\t\t\t\t<div class=\"elementor-element elementor-element-5e29b25 elementor-widget elementor-widget-text-editor\" data-id=\"5e29b25\" data-element_type=\"widget\" data-widget_type=\"text-editor.default\">\n\t\t\t\t<div class=\"elementor-widget-container\">\n\t\t\t\t\t\t\t\t<div class=\"elementor-text-editor elementor-clearfix\">\n\t\t\t\t<h2>Vater<\/h2><p>Wero von der Hohen Acht<br \/>Braunschimmel<\/p><p>VJP 71<br \/>HZP 213<br \/>Hegewald 220<br \/>VGP 334 \u00dcF 1.Preis<br \/>Sw I\/I<br \/>VBR, HN, Willebrand frei<br \/>Formwert SG 10 \/ Haarwert SG 10<\/p><div class=\"clearer\">\u00a0<\/div><p>\u00a0<\/p>\t\t\t\t\t<\/div>\n\t\t\t\t\t\t<\/div>\n\t\t\t\t<\/div>\n\t\t\t\t\t\t<\/div>\n\t\t\t\t\t<\/div>\n\t\t<\/div>\n\t\t\t\t\t\t\t\t<\/div>\n\t\t\t\t\t<\/div>\n\t\t<\/section>\n\t\t\t\t<div class=\"elementor-element elementor-element-4f35c6d elementor-widget elementor-widget-spacer\" data-id=\"4f35c6d\" data-element_type=\"widget\" data-widget_type=\"spacer.default\">\n\t\t\t\t<div class=\"elementor-widget-container\">\n\t\t\t\t\t<div class=\"elementor-spacer\">\n\t\t\t<div class=\"elementor-spacer-inner\"><\/div>\n\t\t<\/div>\n\t\t\t\t<\/div>\n\t\t\t\t<\/div>\n\t\t\t\t\t\t<\/div>\n\t\t\t\t\t<\/div>\n\t\t<\/div>\n\t\t\t\t\t\t\t\t<\/div>\n\t\t\t\t\t<\/div>\n\t\t<\/section>\n\t\t\t\t<section class=\"elementor-section elementor-top-section elementor-element elementor-element-343ca32 elementor-section-boxed elementor-section-height-default elementor-section-height-default\" data-id=\"343ca32\" data-element_type=\"section\">\n\t\t\t\t\t\t<div class=\"elementor-container elementor-column-gap-default\">\n\t\t\t\t\t\t\t<div class=\"elementor-row\">\n\t\t\t\t\t<div class=\"elementor-column elementor-col-100 elementor-top-column elementor-element elementor-element-d010dab\" data-id=\"d010dab\" data-element_type=\"column\">\n\t\t\t<div class=\"elementor-column-wrap elementor-element-populated\">\n\t\t\t\t\t\t\t<div class=\"elementor-widget-wrap\">\n\t\t\t\t\t\t<div class=\"elementor-element elementor-element-df07d8f elementor-widget elementor-widget-text-editor\" data-id=\"df07d8f\" data-element_type=\"widget\" data-widget_type=\"text-editor.default\">\n\t\t\t\t<div class=\"elementor-widget-container\">\n\t\t\t\t\t\t\t\t<div class=\"elementor-text-editor elementor-clearfix\">\n\t\t\t\t<p>Der A -Wurf, nach dem R\u00fcden &#8221; Wero von der Hohen Acht &#8221; brachte uns hervorragende Hunde,die gr\u00f6\u00dftenteils spurlaut jagen. Ihre Arbeit auf der Hasenspur ist hervorragend, Spuren von 2-3 km sind\u00a0die Regel. An Schwarz- und Raubwild zeigen sie kompromisslose Sch\u00e4rfe und H\u00e4rte. So zog der R\u00fcde &#8221; Alix vom Hochwald &#8221; schon im Alter von\u00a08 Monaten zwei angeschwei\u00dfte Damhirsche an der Drossel nieder, ohne\u00a0dies jemals zuvor ge\u00fcbt zu haben. Alou vom Hochwald erreichte bei der VGP 352 Punkte im 1. Preis. Ein Ergebnis, da\u00df im Drahthaar Verband bis heute noch nicht so h\u00e4ufig vorkam.\u00a0Eine weitere St\u00e4rke der Hunde ist die Arbeit auf der roten F\u00e4hrte. Genetisch stark durch die den Zwinger &#8221; von der Hohen Acht &#8221; verankert, arbeiten die Hunde ruhig mit unb\u00e4ndigem Finderwillen.<\/p>\t\t\t\t\t<\/div>\n\t\t\t\t\t\t<\/div>\n\t\t\t\t<\/div>\n\t\t\t\t<div class=\"elementor-element elementor-element-4be2dc0 elementor-widget elementor-widget-spacer\" data-id=\"4be2dc0\" data-element_type=\"widget\" data-widget_type=\"spacer.default\">\n\t\t\t\t<div class=\"elementor-widget-container\">\n\t\t\t\t\t<div class=\"elementor-spacer\">\n\t\t\t<div class=\"elementor-spacer-inner\"><\/div>\n\t\t<\/div>\n\t\t\t\t<\/div>\n\t\t\t\t<\/div>\n\t\t\t\t\t\t<\/div>\n\t\t\t\t\t<\/div>\n\t\t<\/div>\n\t\t\t\t\t\t\t\t<\/div>\n\t\t\t\t\t<\/div>\n\t\t<\/section>\n\t\t\t\t\t\t<\/div>\n\t\t\t\t\t\t<\/div>\n\t\t\t\t\t<\/div>\n\t\t","protected":false},"excerpt":{"rendered":"<p>A Wurf A-Wurf 16.03.2009 Mutter\u00a0 Eila von der Obermosel Braunschimmelgew. 28.04.2007 VJP 66 \/ 75HZP 222VGP 321 \u00dcF I. PreisSpurlaut, SichtlautHN, LN, VBRFormwert SG11 \/ Haarwert SG11Schwei\u00dfpr\u00fcfung 20 Stunden, 1. PreisSchwei\u00dfpr\u00fcfung 40 Stunden, 1. Preis Vater Wero von der Hohen AchtBraunschimmel VJP 71HZP 213Hegewald 220VGP 334 \u00dcF 1.PreisSw I\/IVBR, HN, Willebrand freiFormwert SG 10 \/ [&hellip;]<\/p>\n","protected":false},"author":1,"featured_media":0,"parent":137,"menu_order":0,"comment_status":"closed","ping_status":"closed","template":"elementor_header_footer","meta":[],"_links":{"self":[{"href":"https:\/\/www.dd-vom-hochwald.de\/index.php\/wp-json\/wp\/v2\/pages\/317"}],"collection":[{"href":"https:\/\/www.dd-vom-hochwald.de\/index.php\/wp-json\/wp\/v2\/pages"}],"about":[{"href":"https:\/\/www.dd-vom-hochwald.de\/index.php\/wp-json\/wp\/v2\/types\/page"}],"author":[{"embeddable":true,"href":"https:\/\/www.dd-vom-hochwald.de\/index.php\/wp-json\/wp\/v2\/users\/1"}],"replies":[{"embeddable":true,"href":"https:\/\/www.dd-vom-hochwald.de\/index.php\/wp-json\/wp\/v2\/comments?post=317"}],"version-history":[{"count":21,"href":"https:\/\/www.dd-vom-hochwald.de\/index.php\/wp-json\/wp\/v2\/pages\/317\/revisions"}],"predecessor-version":[{"id":785,"href":"https:\/\/www.dd-vom-hochwald.de\/index.php\/wp-json\/wp\/v2\/pages\/317\/revisions\/785"}],"up":[{"embeddable":true,"href":"https:\/\/www.dd-vom-hochwald.de\/index.php\/wp-json\/wp\/v2\/pages\/137"}],"wp:attachment":[{"href":"https:\/\/www.dd-vom-hochwald.de\/index.php\/wp-json\/wp\/v2\/media?parent=317"}],"curies":[{"name":"wp","href":"https:\/\/api.w.org\/{rel}","templated":true}]}}