{"id":321,"date":"2018-05-22T16:53:54","date_gmt":"2018-05-22T16:53:54","guid":{"rendered":"http:\/\/www.dd-vom-hochwald.de\/?page_id=321"},"modified":"2018-07-08T14:22:24","modified_gmt":"2018-07-08T14:22:24","slug":"cwurf","status":"publish","type":"page","link":"https:\/\/www.dd-vom-hochwald.de\/index.php\/wurfe\/cwurf\/","title":{"rendered":"C Wurf"},"content":{"rendered":"\t\t<div data-elementor-type=\"wp-post\" data-elementor-id=\"321\" class=\"elementor elementor-321 elementor-bc-flex-widget\" data-elementor-settings=\"[]\">\n\t\t\t\t\t\t<div class=\"elementor-inner\">\n\t\t\t\t\t\t\t<div class=\"elementor-section-wrap\">\n\t\t\t\t\t\t\t<section class=\"elementor-section elementor-top-section elementor-element elementor-element-3c9ba92 elementor-section-boxed elementor-section-height-default elementor-section-height-default\" data-id=\"3c9ba92\" data-element_type=\"section\">\n\t\t\t\t\t\t<div class=\"elementor-container elementor-column-gap-default\">\n\t\t\t\t\t\t\t<div class=\"elementor-row\">\n\t\t\t\t\t<div class=\"elementor-column elementor-col-100 elementor-top-column elementor-element elementor-element-0e966ad\" data-id=\"0e966ad\" data-element_type=\"column\">\n\t\t\t<div class=\"elementor-column-wrap elementor-element-populated\">\n\t\t\t\t\t\t\t<div class=\"elementor-widget-wrap\">\n\t\t\t\t\t\t<div class=\"elementor-element elementor-element-7c96ca4 elementor-widget elementor-widget-spacer\" data-id=\"7c96ca4\" data-element_type=\"widget\" data-widget_type=\"spacer.default\">\n\t\t\t\t<div class=\"elementor-widget-container\">\n\t\t\t\t\t<div class=\"elementor-spacer\">\n\t\t\t<div class=\"elementor-spacer-inner\"><\/div>\n\t\t<\/div>\n\t\t\t\t<\/div>\n\t\t\t\t<\/div>\n\t\t\t\t<div class=\"elementor-element elementor-element-e002dec elementor-widget elementor-widget-heading\" data-id=\"e002dec\" data-element_type=\"widget\" data-widget_type=\"heading.default\">\n\t\t\t\t<div class=\"elementor-widget-container\">\n\t\t\t<h1 class=\"elementor-heading-title elementor-size-xxl\">C Wurf<\/h1>\t\t<\/div>\n\t\t\t\t<\/div>\n\t\t\t\t\t\t<\/div>\n\t\t\t\t\t<\/div>\n\t\t<\/div>\n\t\t\t\t\t\t\t\t<\/div>\n\t\t\t\t\t<\/div>\n\t\t<\/section>\n\t\t\t\t<section class=\"elementor-section elementor-top-section elementor-element elementor-element-56220a5 elementor-section-boxed elementor-section-height-default elementor-section-height-default\" data-id=\"56220a5\" data-element_type=\"section\">\n\t\t\t\t\t\t<div class=\"elementor-container elementor-column-gap-default\">\n\t\t\t\t\t\t\t<div class=\"elementor-row\">\n\t\t\t\t\t<div class=\"elementor-column elementor-col-100 elementor-top-column elementor-element elementor-element-cbb9bb6\" data-id=\"cbb9bb6\" data-element_type=\"column\">\n\t\t\t<div class=\"elementor-column-wrap elementor-element-populated\">\n\t\t\t\t\t\t\t<div class=\"elementor-widget-wrap\">\n\t\t\t\t\t\t<div class=\"elementor-element elementor-element-26bcd69 elementor-widget elementor-widget-text-editor\" data-id=\"26bcd69\" data-element_type=\"widget\" data-widget_type=\"text-editor.default\">\n\t\t\t\t<div class=\"elementor-widget-container\">\n\t\t\t\t\t\t\t\t<div class=\"elementor-text-editor elementor-clearfix\">\n\t\t\t\t<p><b>C-Wurf 25.04.2011<\/b><\/p>\t\t\t\t\t<\/div>\n\t\t\t\t\t\t<\/div>\n\t\t\t\t<\/div>\n\t\t\t\t\t\t<\/div>\n\t\t\t\t\t<\/div>\n\t\t<\/div>\n\t\t\t\t\t\t\t\t<\/div>\n\t\t\t\t\t<\/div>\n\t\t<\/section>\n\t\t\t\t<section class=\"elementor-section elementor-top-section elementor-element elementor-element-d92f67a elementor-section-boxed elementor-section-height-default elementor-section-height-default\" data-id=\"d92f67a\" data-element_type=\"section\">\n\t\t\t\t\t\t<div class=\"elementor-container elementor-column-gap-default\">\n\t\t\t\t\t\t\t<div class=\"elementor-row\">\n\t\t\t\t\t<div class=\"elementor-column elementor-col-50 elementor-top-column elementor-element elementor-element-f3efbdb\" data-id=\"f3efbdb\" data-element_type=\"column\">\n\t\t\t<div class=\"elementor-column-wrap elementor-element-populated\">\n\t\t\t\t\t\t\t<div class=\"elementor-widget-wrap\">\n\t\t\t\t\t\t<div class=\"elementor-element elementor-element-1945b33 elementor-widget elementor-widget-image\" data-id=\"1945b33\" data-element_type=\"widget\" data-widget_type=\"image.default\">\n\t\t\t\t<div class=\"elementor-widget-container\">\n\t\t\t\t\t\t\t\t<div class=\"elementor-image\">\n\t\t\t\t\t\t\t\t\t\t\t\t<img width=\"175\" height=\"300\" src=\"https:\/\/www.dd-vom-hochwald.de\/wp-content\/uploads\/2018\/07\/263276a0b51104215-175x300.jpg\" class=\"attachment-medium size-medium\" alt=\"\" loading=\"lazy\" srcset=\"https:\/\/www.dd-vom-hochwald.de\/wp-content\/uploads\/2018\/07\/263276a0b51104215-175x300.jpg 175w, https:\/\/www.dd-vom-hochwald.de\/wp-content\/uploads\/2018\/07\/263276a0b51104215-768x1317.jpg 768w, https:\/\/www.dd-vom-hochwald.de\/wp-content\/uploads\/2018\/07\/263276a0b51104215-597x1024.jpg 597w, https:\/\/www.dd-vom-hochwald.de\/wp-content\/uploads\/2018\/07\/263276a0b51104215.jpg 840w\" sizes=\"(max-width: 175px) 100vw, 175px\" \/>\t\t\t\t\t\t\t\t\t\t\t\t\t\t<\/div>\n\t\t\t\t\t\t<\/div>\n\t\t\t\t<\/div>\n\t\t\t\t\t\t<\/div>\n\t\t\t\t\t<\/div>\n\t\t<\/div>\n\t\t\t\t<div class=\"elementor-column elementor-col-50 elementor-top-column elementor-element elementor-element-044391a\" data-id=\"044391a\" data-element_type=\"column\">\n\t\t\t<div class=\"elementor-column-wrap elementor-element-populated\">\n\t\t\t\t\t\t\t<div class=\"elementor-widget-wrap\">\n\t\t\t\t\t\t<div class=\"elementor-element elementor-element-824dc75 elementor-widget elementor-widget-image\" data-id=\"824dc75\" data-element_type=\"widget\" data-widget_type=\"image.default\">\n\t\t\t\t<div class=\"elementor-widget-container\">\n\t\t\t\t\t\t\t\t<div class=\"elementor-image\">\n\t\t\t\t\t\t\t\t\t\t\t\t<img width=\"450\" height=\"300\" src=\"https:\/\/www.dd-vom-hochwald.de\/wp-content\/uploads\/2018\/07\/birko-vorstehen-062-900_450-2.jpg\" class=\"attachment-large size-large\" alt=\"\" loading=\"lazy\" srcset=\"https:\/\/www.dd-vom-hochwald.de\/wp-content\/uploads\/2018\/07\/birko-vorstehen-062-900_450-2.jpg 450w, https:\/\/www.dd-vom-hochwald.de\/wp-content\/uploads\/2018\/07\/birko-vorstehen-062-900_450-2-300x200.jpg 300w\" sizes=\"(max-width: 450px) 100vw, 450px\" \/>\t\t\t\t\t\t\t\t\t\t\t\t\t\t<\/div>\n\t\t\t\t\t\t<\/div>\n\t\t\t\t<\/div>\n\t\t\t\t\t\t<\/div>\n\t\t\t\t\t<\/div>\n\t\t<\/div>\n\t\t\t\t\t\t\t\t<\/div>\n\t\t\t\t\t<\/div>\n\t\t<\/section>\n\t\t\t\t<section class=\"elementor-section elementor-top-section elementor-element elementor-element-443da37 elementor-section-boxed elementor-section-height-default elementor-section-height-default\" data-id=\"443da37\" data-element_type=\"section\">\n\t\t\t\t\t\t<div class=\"elementor-container elementor-column-gap-default\">\n\t\t\t\t\t\t\t<div class=\"elementor-row\">\n\t\t\t\t\t<div class=\"elementor-column elementor-col-50 elementor-top-column elementor-element elementor-element-a7cc2f6\" data-id=\"a7cc2f6\" data-element_type=\"column\">\n\t\t\t<div class=\"elementor-column-wrap elementor-element-populated\">\n\t\t\t\t\t\t\t<div class=\"elementor-widget-wrap\">\n\t\t\t\t\t\t<div class=\"elementor-element elementor-element-6830722 elementor-widget elementor-widget-text-editor\" data-id=\"6830722\" data-element_type=\"widget\" data-widget_type=\"text-editor.default\">\n\t\t\t\t<div class=\"elementor-widget-container\">\n\t\t\t\t\t\t\t\t<div class=\"elementor-text-editor elementor-clearfix\">\n\t\t\t\t<h1>Mutter<\/h1><p>Eila von der Obermosel<\/p><p>Braunschimmel<br \/>gew. 28.04.2007<\/p><p>VJP 66 \/ 75<br \/>HZP 222<br \/>VGP 321 \u00dcF I. Preis<br \/>Spurlaut, Sichtlaut<br \/>HN, LN, VBR<br \/>Formwert SG11 \/ Haarwert SG11<br \/>Schwei\u00dfpr\u00fcfung 20 Stunden, 1. Preis<br \/>Schwei\u00dfpr\u00fcfung 40 Stunden, 1. Preis<\/p>\t\t\t\t\t<\/div>\n\t\t\t\t\t\t<\/div>\n\t\t\t\t<\/div>\n\t\t\t\t\t\t<\/div>\n\t\t\t\t\t<\/div>\n\t\t<\/div>\n\t\t\t\t<div class=\"elementor-column elementor-col-50 elementor-top-column elementor-element elementor-element-c12129c\" data-id=\"c12129c\" data-element_type=\"column\">\n\t\t\t<div class=\"elementor-column-wrap elementor-element-populated\">\n\t\t\t\t\t\t\t<div class=\"elementor-widget-wrap\">\n\t\t\t\t\t\t<div class=\"elementor-element elementor-element-c60f43e elementor-widget elementor-widget-text-editor\" data-id=\"c60f43e\" data-element_type=\"widget\" data-widget_type=\"text-editor.default\">\n\t\t\t\t<div class=\"elementor-widget-container\">\n\t\t\t\t\t\t\t\t<div class=\"elementor-text-editor elementor-clearfix\">\n\t\t\t\t<h1>Vater<\/h1><p>Birko vom Jura Grund<br \/><br \/>Braunschimmel<br \/>Gew. 01.04.08<br \/><br \/>VJP 77 Pkt. sil.,<br \/>Hegewald 09 223 Arbeitspkt.,<br \/>233 Hegewaldpkt., sg 9\/ sg 11 Hzp. 0, 67cm\/68cm,<br \/>Btr.und AH ,H\u00e4rtenachweis,<br \/>VGP 1.Pr. 348 Pkte Bringselverweiser,<br \/>mit 6 Monaten Brauchbarkeitspr\u00fcfung;<br \/>HD-AH\u00fcfte, OCD-u.Willedrandfrei, Sj-DD<\/p>\t\t\t\t\t<\/div>\n\t\t\t\t\t\t<\/div>\n\t\t\t\t<\/div>\n\t\t\t\t\t\t<\/div>\n\t\t\t\t\t<\/div>\n\t\t<\/div>\n\t\t\t\t\t\t\t\t<\/div>\n\t\t\t\t\t<\/div>\n\t\t<\/section>\n\t\t\t\t<section class=\"elementor-section elementor-top-section elementor-element elementor-element-a153e24 elementor-section-boxed elementor-section-height-default elementor-section-height-default\" data-id=\"a153e24\" data-element_type=\"section\">\n\t\t\t\t\t\t<div class=\"elementor-container elementor-column-gap-default\">\n\t\t\t\t\t\t\t<div class=\"elementor-row\">\n\t\t\t\t\t<div class=\"elementor-column elementor-col-100 elementor-top-column elementor-element elementor-element-299fb7f\" data-id=\"299fb7f\" data-element_type=\"column\">\n\t\t\t<div class=\"elementor-column-wrap elementor-element-populated\">\n\t\t\t\t\t\t\t<div class=\"elementor-widget-wrap\">\n\t\t\t\t\t\t<div class=\"elementor-element elementor-element-d9797b6 elementor-widget elementor-widget-text-editor\" data-id=\"d9797b6\" data-element_type=\"widget\" data-widget_type=\"text-editor.default\">\n\t\t\t\t<div class=\"elementor-widget-container\">\n\t\t\t\t\t\t\t\t<div class=\"elementor-text-editor elementor-clearfix\">\n\t\t\t\t<p>Der C -Wurf brachte insgesamt hervorragende Pr\u00fcfungsergebnisse. In der\u00a0unten aufgef\u00fchrten Statistik erkennt man, da\u00df die Pr\u00fcfungsergebnisse des\u00a0C-Wurfes weit \u00fcber dem Durchschnitt aller Deutsch Drahthaar W\u00fcrfe liegen.\u00a0Hervorzuheben ist besonders die Spurarbeit und die Nasenleistung.<br \/><br \/>Auch bei der Lautverteilung stieg der Spurlautanteil auf \u00fcber 66 %.<br \/>Somit haben wir zwei unserer Zuchtziele ( Spurarbeit und Spurlaut ) gefestigt.<br \/><br \/>Wir bedanken uns bei allen Hundef\u00fchrern f\u00fcr die Teilnahme an den <br \/>Pr\u00fcfungen gratulieren zu den hervorragendem Ergebnissen !<\/p>\t\t\t\t\t<\/div>\n\t\t\t\t\t\t<\/div>\n\t\t\t\t<\/div>\n\t\t\t\t\t\t<\/div>\n\t\t\t\t\t<\/div>\n\t\t<\/div>\n\t\t\t\t\t\t\t\t<\/div>\n\t\t\t\t\t<\/div>\n\t\t<\/section>\n\t\t\t\t\t\t<\/div>\n\t\t\t\t\t\t<\/div>\n\t\t\t\t\t<\/div>\n\t\t","protected":false},"excerpt":{"rendered":"<p>C Wurf C-Wurf 25.04.2011 Mutter Eila von der Obermosel Braunschimmelgew. 28.04.2007 VJP 66 \/ 75HZP 222VGP 321 \u00dcF I. PreisSpurlaut, SichtlautHN, LN, VBRFormwert SG11 \/ Haarwert SG11Schwei\u00dfpr\u00fcfung 20 Stunden, 1. PreisSchwei\u00dfpr\u00fcfung 40 Stunden, 1. Preis Vater Birko vom Jura Grund BraunschimmelGew. 01.04.08 VJP 77 Pkt. sil.,Hegewald 09 223 Arbeitspkt.,233 Hegewaldpkt., sg 9\/ sg 11 Hzp. [&hellip;]<\/p>\n","protected":false},"author":1,"featured_media":0,"parent":137,"menu_order":0,"comment_status":"closed","ping_status":"closed","template":"elementor_header_footer","meta":[],"_links":{"self":[{"href":"https:\/\/www.dd-vom-hochwald.de\/index.php\/wp-json\/wp\/v2\/pages\/321"}],"collection":[{"href":"https:\/\/www.dd-vom-hochwald.de\/index.php\/wp-json\/wp\/v2\/pages"}],"about":[{"href":"https:\/\/www.dd-vom-hochwald.de\/index.php\/wp-json\/wp\/v2\/types\/page"}],"author":[{"embeddable":true,"href":"https:\/\/www.dd-vom-hochwald.de\/index.php\/wp-json\/wp\/v2\/users\/1"}],"replies":[{"embeddable":true,"href":"https:\/\/www.dd-vom-hochwald.de\/index.php\/wp-json\/wp\/v2\/comments?post=321"}],"version-history":[{"count":10,"href":"https:\/\/www.dd-vom-hochwald.de\/index.php\/wp-json\/wp\/v2\/pages\/321\/revisions"}],"predecessor-version":[{"id":775,"href":"https:\/\/www.dd-vom-hochwald.de\/index.php\/wp-json\/wp\/v2\/pages\/321\/revisions\/775"}],"up":[{"embeddable":true,"href":"https:\/\/www.dd-vom-hochwald.de\/index.php\/wp-json\/wp\/v2\/pages\/137"}],"wp:attachment":[{"href":"https:\/\/www.dd-vom-hochwald.de\/index.php\/wp-json\/wp\/v2\/media?parent=321"}],"curies":[{"name":"wp","href":"https:\/\/api.w.org\/{rel}","templated":true}]}}