{"id":325,"date":"2018-05-22T16:54:18","date_gmt":"2018-05-22T16:54:18","guid":{"rendered":"http:\/\/www.dd-vom-hochwald.de\/?page_id=325"},"modified":"2018-07-08T14:23:14","modified_gmt":"2018-07-08T14:23:14","slug":"ewurf","status":"publish","type":"page","link":"https:\/\/www.dd-vom-hochwald.de\/index.php\/wurfe\/ewurf\/","title":{"rendered":"E Wurf"},"content":{"rendered":"\t\t<div data-elementor-type=\"wp-page\" data-elementor-id=\"325\" class=\"elementor elementor-325 elementor-bc-flex-widget\" data-elementor-settings=\"[]\">\n\t\t\t\t\t\t<div class=\"elementor-inner\">\n\t\t\t\t\t\t\t<div class=\"elementor-section-wrap\">\n\t\t\t\t\t\t\t<section class=\"elementor-section elementor-top-section elementor-element elementor-element-bae79c8 elementor-section-boxed elementor-section-height-default elementor-section-height-default\" data-id=\"bae79c8\" data-element_type=\"section\">\n\t\t\t\t\t\t<div class=\"elementor-container elementor-column-gap-default\">\n\t\t\t\t\t\t\t<div class=\"elementor-row\">\n\t\t\t\t\t<div class=\"elementor-column elementor-col-100 elementor-top-column elementor-element elementor-element-8e676fb\" data-id=\"8e676fb\" data-element_type=\"column\">\n\t\t\t<div class=\"elementor-column-wrap elementor-element-populated\">\n\t\t\t\t\t\t\t<div class=\"elementor-widget-wrap\">\n\t\t\t\t\t\t<div class=\"elementor-element elementor-element-c516434 elementor-widget elementor-widget-spacer\" data-id=\"c516434\" data-element_type=\"widget\" data-widget_type=\"spacer.default\">\n\t\t\t\t<div class=\"elementor-widget-container\">\n\t\t\t\t\t<div class=\"elementor-spacer\">\n\t\t\t<div class=\"elementor-spacer-inner\"><\/div>\n\t\t<\/div>\n\t\t\t\t<\/div>\n\t\t\t\t<\/div>\n\t\t\t\t<div class=\"elementor-element elementor-element-9091fe2 elementor-widget elementor-widget-heading\" data-id=\"9091fe2\" data-element_type=\"widget\" data-widget_type=\"heading.default\">\n\t\t\t\t<div class=\"elementor-widget-container\">\n\t\t\t<h1 class=\"elementor-heading-title elementor-size-xxl\">E Wurf<\/h1>\t\t<\/div>\n\t\t\t\t<\/div>\n\t\t\t\t\t\t<\/div>\n\t\t\t\t\t<\/div>\n\t\t<\/div>\n\t\t\t\t\t\t\t\t<\/div>\n\t\t\t\t\t<\/div>\n\t\t<\/section>\n\t\t\t\t<section class=\"elementor-section elementor-top-section elementor-element elementor-element-abd5fef elementor-section-boxed elementor-section-height-default elementor-section-height-default\" data-id=\"abd5fef\" data-element_type=\"section\">\n\t\t\t\t\t\t<div class=\"elementor-container elementor-column-gap-default\">\n\t\t\t\t\t\t\t<div class=\"elementor-row\">\n\t\t\t\t\t<div class=\"elementor-column elementor-col-100 elementor-top-column elementor-element elementor-element-2d9f0be\" data-id=\"2d9f0be\" data-element_type=\"column\">\n\t\t\t<div class=\"elementor-column-wrap elementor-element-populated\">\n\t\t\t\t\t\t\t<div class=\"elementor-widget-wrap\">\n\t\t\t\t\t\t<div class=\"elementor-element elementor-element-8f8c165 elementor-widget elementor-widget-text-editor\" data-id=\"8f8c165\" data-element_type=\"widget\" data-widget_type=\"text-editor.default\">\n\t\t\t\t<div class=\"elementor-widget-container\">\n\t\t\t\t\t\t\t\t<div class=\"elementor-text-editor elementor-clearfix\">\n\t\t\t\t<p><b>E-Wurf vom 07.05.2013\u00a0<\/b><\/p>\t\t\t\t\t<\/div>\n\t\t\t\t\t\t<\/div>\n\t\t\t\t<\/div>\n\t\t\t\t\t\t<\/div>\n\t\t\t\t\t<\/div>\n\t\t<\/div>\n\t\t\t\t\t\t\t\t<\/div>\n\t\t\t\t\t<\/div>\n\t\t<\/section>\n\t\t\t\t<section class=\"elementor-section elementor-top-section elementor-element elementor-element-db9c884 elementor-section-boxed elementor-section-height-default elementor-section-height-default\" data-id=\"db9c884\" data-element_type=\"section\">\n\t\t\t\t\t\t<div class=\"elementor-container elementor-column-gap-default\">\n\t\t\t\t\t\t\t<div class=\"elementor-row\">\n\t\t\t\t\t<div class=\"elementor-column elementor-col-50 elementor-top-column elementor-element elementor-element-1731e96\" data-id=\"1731e96\" data-element_type=\"column\">\n\t\t\t<div class=\"elementor-column-wrap elementor-element-populated\">\n\t\t\t\t\t\t\t<div class=\"elementor-widget-wrap\">\n\t\t\t\t\t\t<div class=\"elementor-element elementor-element-8ea21ae elementor-widget elementor-widget-image\" data-id=\"8ea21ae\" data-element_type=\"widget\" data-widget_type=\"image.default\">\n\t\t\t\t<div class=\"elementor-widget-container\">\n\t\t\t\t\t\t\t\t<div class=\"elementor-image\">\n\t\t\t\t\t\t\t\t\t\t\t\t<img width=\"300\" height=\"210\" src=\"https:\/\/www.dd-vom-hochwald.de\/wp-content\/uploads\/2018\/07\/img_6342-300x210.jpg\" class=\"attachment-medium size-medium\" alt=\"\" loading=\"lazy\" srcset=\"https:\/\/www.dd-vom-hochwald.de\/wp-content\/uploads\/2018\/07\/img_6342-300x210.jpg 300w, https:\/\/www.dd-vom-hochwald.de\/wp-content\/uploads\/2018\/07\/img_6342-768x538.jpg 768w, https:\/\/www.dd-vom-hochwald.de\/wp-content\/uploads\/2018\/07\/img_6342-1024x717.jpg 1024w, https:\/\/www.dd-vom-hochwald.de\/wp-content\/uploads\/2018\/07\/img_6342.jpg 1920w\" sizes=\"(max-width: 300px) 100vw, 300px\" \/>\t\t\t\t\t\t\t\t\t\t\t\t\t\t<\/div>\n\t\t\t\t\t\t<\/div>\n\t\t\t\t<\/div>\n\t\t\t\t\t\t<\/div>\n\t\t\t\t\t<\/div>\n\t\t<\/div>\n\t\t\t\t<div class=\"elementor-column elementor-col-50 elementor-top-column elementor-element elementor-element-0174066\" data-id=\"0174066\" data-element_type=\"column\">\n\t\t\t<div class=\"elementor-column-wrap elementor-element-populated\">\n\t\t\t\t\t\t\t<div class=\"elementor-widget-wrap\">\n\t\t\t\t\t\t<div class=\"elementor-element elementor-element-0d15b73 elementor-widget elementor-widget-image\" data-id=\"0d15b73\" data-element_type=\"widget\" data-widget_type=\"image.default\">\n\t\t\t\t<div class=\"elementor-widget-container\">\n\t\t\t\t\t\t\t\t<div class=\"elementor-image\">\n\t\t\t\t\t\t\t\t\t\t\t\t<img width=\"300\" height=\"207\" src=\"https:\/\/www.dd-vom-hochwald.de\/wp-content\/uploads\/2018\/07\/img_0222-300x207.jpg\" class=\"attachment-medium size-medium\" alt=\"\" loading=\"lazy\" srcset=\"https:\/\/www.dd-vom-hochwald.de\/wp-content\/uploads\/2018\/07\/img_0222-300x207.jpg 300w, https:\/\/www.dd-vom-hochwald.de\/wp-content\/uploads\/2018\/07\/img_0222.jpg 640w\" sizes=\"(max-width: 300px) 100vw, 300px\" \/>\t\t\t\t\t\t\t\t\t\t\t\t\t\t<\/div>\n\t\t\t\t\t\t<\/div>\n\t\t\t\t<\/div>\n\t\t\t\t\t\t<\/div>\n\t\t\t\t\t<\/div>\n\t\t<\/div>\n\t\t\t\t\t\t\t\t<\/div>\n\t\t\t\t\t<\/div>\n\t\t<\/section>\n\t\t\t\t<section class=\"elementor-section elementor-top-section elementor-element elementor-element-9a69561 elementor-section-boxed elementor-section-height-default elementor-section-height-default\" data-id=\"9a69561\" data-element_type=\"section\">\n\t\t\t\t\t\t<div class=\"elementor-container elementor-column-gap-default\">\n\t\t\t\t\t\t\t<div class=\"elementor-row\">\n\t\t\t\t\t<div class=\"elementor-column elementor-col-50 elementor-top-column elementor-element elementor-element-47e8cac\" data-id=\"47e8cac\" data-element_type=\"column\">\n\t\t\t<div class=\"elementor-column-wrap elementor-element-populated\">\n\t\t\t\t\t\t\t<div class=\"elementor-widget-wrap\">\n\t\t\t\t\t\t<div class=\"elementor-element elementor-element-57247d1 elementor-widget elementor-widget-text-editor\" data-id=\"57247d1\" data-element_type=\"widget\" data-widget_type=\"text-editor.default\">\n\t\t\t\t<div class=\"elementor-widget-container\">\n\t\t\t\t\t\t\t\t<div class=\"elementor-text-editor elementor-clearfix\">\n\t\t\t\t<h1>Mutter<\/h1><p>Cleo vom Hochwald, gew. 25.04.2011<br \/> aus Eila von der Obermosel und Birko vom Jura-Grund.<\/p><p>VJP 75 Punkte ( 11 11 11 10 10 ) spurlaut<br \/> HZP o. Spur 188 Punkte Suchensieger<br \/> Brauchbarkeitspr\u00fcfung<br \/> H\u00e4rtenachweis<br \/> Lautjagerabzeichen<br \/> HD und OCD frei<\/p><p>Formwert 11 \/ Haarwert 10<\/p>\t\t\t\t\t<\/div>\n\t\t\t\t\t\t<\/div>\n\t\t\t\t<\/div>\n\t\t\t\t\t\t<\/div>\n\t\t\t\t\t<\/div>\n\t\t<\/div>\n\t\t\t\t<div class=\"elementor-column elementor-col-50 elementor-top-column elementor-element elementor-element-841f5ea\" data-id=\"841f5ea\" data-element_type=\"column\">\n\t\t\t<div class=\"elementor-column-wrap elementor-element-populated\">\n\t\t\t\t\t\t\t<div class=\"elementor-widget-wrap\">\n\t\t\t\t\t\t<div class=\"elementor-element elementor-element-b13488b elementor-widget elementor-widget-text-editor\" data-id=\"b13488b\" data-element_type=\"widget\" data-widget_type=\"text-editor.default\">\n\t\t\t\t<div class=\"elementor-widget-container\">\n\t\t\t\t\t\t\t\t<div class=\"elementor-text-editor elementor-clearfix\">\n\t\t\t\t<h1>Vater<\/h1><p>Palffy del Zelffiro<\/p><p>Braunschimmel<br \/>aus Karolina III del Zeffiro nach Tom vom B\u00f6ckenhagen<br \/>gew. 12.05.2008<\/p><p><b>Form\/ Haar:<\/b> sg(10) \/ sg (11)<br \/><b>H\u00f6he\/ L\u00e4nge:<\/b> 65cm \/ 66cm<\/p><p><b>VJP 1<\/b>: 69 Pkt.<br \/><b>HZP 1<\/b>: 219 Pkt.<br \/><b>VGP 1:<\/b> III.\/ 308 TF<\/p><p>sonstiges: HD, ED und OCD frei<\/p><p>\u00a0<\/p>\t\t\t\t\t<\/div>\n\t\t\t\t\t\t<\/div>\n\t\t\t\t<\/div>\n\t\t\t\t\t\t<\/div>\n\t\t\t\t\t<\/div>\n\t\t<\/div>\n\t\t\t\t\t\t\t\t<\/div>\n\t\t\t\t\t<\/div>\n\t\t<\/section>\n\t\t\t\t<section class=\"elementor-section elementor-top-section elementor-element elementor-element-7ed1d7e elementor-section-boxed elementor-section-height-default elementor-section-height-default\" data-id=\"7ed1d7e\" data-element_type=\"section\">\n\t\t\t\t\t\t<div class=\"elementor-container elementor-column-gap-default\">\n\t\t\t\t\t\t\t<div class=\"elementor-row\">\n\t\t\t\t\t<div class=\"elementor-column elementor-col-100 elementor-top-column elementor-element elementor-element-36c6b1e\" data-id=\"36c6b1e\" data-element_type=\"column\">\n\t\t\t<div class=\"elementor-column-wrap elementor-element-populated\">\n\t\t\t\t\t\t\t<div class=\"elementor-widget-wrap\">\n\t\t\t\t\t\t<div class=\"elementor-element elementor-element-38c516c elementor-widget elementor-widget-text-editor\" data-id=\"38c516c\" data-element_type=\"widget\" data-widget_type=\"text-editor.default\">\n\t\t\t\t<div class=\"elementor-widget-container\">\n\t\t\t\t\t\t\t\t<div class=\"elementor-text-editor elementor-clearfix\">\n\t\t\t\t<p>Cleo kann man als den jagdlichen Allrounder bezeichnen.<\/p><p>Hervorzuheben ist Ihre feine Nase bei der Feldarbeit mit festem Vorstehen,\u00a0ferner ist sie hartn\u00e4ckig w\u00e4hrend des Verfolgens einer Spur.\u00a0Cleo ist zudem ein hervorragender Hund im Wasser, der eigentlich jeden Teich auf den Kopf stellt. (Wasser 11 Punkte )<\/p><p>Ihre absolute St\u00e4rke ist aber die Schwei\u00dfarbeit. In Kombination mit der Ihr\u00a0eigenen Ruhe und ihrer feinen Nase meistert sie souver\u00e4n die anfallenden\u00a0Schwei\u00dfarbeiten. Dabei ist Ihre ruhige, zielstrebige Gangart hervorzuheben.\u00a0Ein Hund, der einem nicht den Schwei\u00dfriemen durch die Hand zieht. Im Abschlu\u00df ist sie nach dem Schnallen kompomisslos scharf und packt zu.<\/p><p>Beim Pirschen und Ablegen unter dem Hochsitz ist der Hund absolut ruhig und gehorsam.<\/p><p><span style=\"font-family: Cabin, sans-serif; font-size: 16px; font-style: normal; font-variant-caps: normal;\">Au\u00dferdem ist Cleo als extrem leichtf\u00fchrig und nach Meinung aller, &#8221; wundersch\u00f6n&#8221;.<\/span><\/p><p>\u00a0<\/p><p>Palffy ist ein selbstbewu\u00dfter und selbstsicherer R\u00fcde mit einem ruhigen und ausgeglichenem Wesen, gepaart mit viel Vorw\u00e4rtsdrang und Passion. Palffy zeigt im Feld und im Wasser beeindruckende und \u00fcberzeugende Leistungen. Der R\u00fcde verf\u00fcgt \u00fcber eine enorme H\u00e4rte am Raubwild. Die Wildsch\u00e4rfe ist sehr ausgepr\u00e4gt. Palffy steht im st\u00e4ndigen t\u00e4glichen Jagdgebrauch in einem sehr gut besetzten Niederwildrevier.Nicht zuletzt bedingt durch sein angenehmes, freundliches und vollkommen unkompliziertes Wesen wird Palffy \u00fcberwiegend im Haus gehalten.<\/p><p>\u00a0<\/p>\t\t\t\t\t<\/div>\n\t\t\t\t\t\t<\/div>\n\t\t\t\t<\/div>\n\t\t\t\t\t\t<\/div>\n\t\t\t\t\t<\/div>\n\t\t<\/div>\n\t\t\t\t\t\t\t\t<\/div>\n\t\t\t\t\t<\/div>\n\t\t<\/section>\n\t\t\t\t\t\t<\/div>\n\t\t\t\t\t\t<\/div>\n\t\t\t\t\t<\/div>\n\t\t","protected":false},"excerpt":{"rendered":"<p>E Wurf E-Wurf vom 07.05.2013\u00a0 Mutter Cleo vom Hochwald, gew. 25.04.2011 aus Eila von der Obermosel und Birko vom Jura-Grund. VJP 75 Punkte ( 11 11 11 10 10 ) spurlaut HZP o. Spur 188 Punkte Suchensieger Brauchbarkeitspr\u00fcfung H\u00e4rtenachweis Lautjagerabzeichen HD und OCD frei Formwert 11 \/ Haarwert 10 Vater Palffy del Zelffiro Braunschimmel aus [&hellip;]<\/p>\n","protected":false},"author":1,"featured_media":0,"parent":137,"menu_order":0,"comment_status":"closed","ping_status":"closed","template":"elementor_header_footer","meta":[],"_links":{"self":[{"href":"https:\/\/www.dd-vom-hochwald.de\/index.php\/wp-json\/wp\/v2\/pages\/325"}],"collection":[{"href":"https:\/\/www.dd-vom-hochwald.de\/index.php\/wp-json\/wp\/v2\/pages"}],"about":[{"href":"https:\/\/www.dd-vom-hochwald.de\/index.php\/wp-json\/wp\/v2\/types\/page"}],"author":[{"embeddable":true,"href":"https:\/\/www.dd-vom-hochwald.de\/index.php\/wp-json\/wp\/v2\/users\/1"}],"replies":[{"embeddable":true,"href":"https:\/\/www.dd-vom-hochwald.de\/index.php\/wp-json\/wp\/v2\/comments?post=325"}],"version-history":[{"count":9,"href":"https:\/\/www.dd-vom-hochwald.de\/index.php\/wp-json\/wp\/v2\/pages\/325\/revisions"}],"predecessor-version":[{"id":782,"href":"https:\/\/www.dd-vom-hochwald.de\/index.php\/wp-json\/wp\/v2\/pages\/325\/revisions\/782"}],"up":[{"embeddable":true,"href":"https:\/\/www.dd-vom-hochwald.de\/index.php\/wp-json\/wp\/v2\/pages\/137"}],"wp:attachment":[{"href":"https:\/\/www.dd-vom-hochwald.de\/index.php\/wp-json\/wp\/v2\/media?parent=325"}],"curies":[{"name":"wp","href":"https:\/\/api.w.org\/{rel}","templated":true}]}}