{"id":327,"date":"2018-05-22T16:55:25","date_gmt":"2018-05-22T16:55:25","guid":{"rendered":"http:\/\/www.dd-vom-hochwald.de\/?page_id=327"},"modified":"2018-07-08T14:22:45","modified_gmt":"2018-07-08T14:22:45","slug":"fwurf","status":"publish","type":"page","link":"https:\/\/www.dd-vom-hochwald.de\/index.php\/wurfe\/fwurf\/","title":{"rendered":"F Wurf"},"content":{"rendered":"\t\t<div data-elementor-type=\"wp-page\" data-elementor-id=\"327\" class=\"elementor elementor-327 elementor-bc-flex-widget\" data-elementor-settings=\"[]\">\n\t\t\t\t\t\t<div class=\"elementor-inner\">\n\t\t\t\t\t\t\t<div class=\"elementor-section-wrap\">\n\t\t\t\t\t\t\t<section class=\"elementor-section elementor-top-section elementor-element elementor-element-2d801e5 elementor-section-boxed elementor-section-height-default elementor-section-height-default\" data-id=\"2d801e5\" data-element_type=\"section\">\n\t\t\t\t\t\t<div class=\"elementor-container elementor-column-gap-default\">\n\t\t\t\t\t\t\t<div class=\"elementor-row\">\n\t\t\t\t\t<div class=\"elementor-column elementor-col-100 elementor-top-column elementor-element elementor-element-370d0ab\" data-id=\"370d0ab\" data-element_type=\"column\">\n\t\t\t<div class=\"elementor-column-wrap elementor-element-populated\">\n\t\t\t\t\t\t\t<div class=\"elementor-widget-wrap\">\n\t\t\t\t\t\t<div class=\"elementor-element elementor-element-4498c8b elementor-widget elementor-widget-spacer\" data-id=\"4498c8b\" data-element_type=\"widget\" data-widget_type=\"spacer.default\">\n\t\t\t\t<div class=\"elementor-widget-container\">\n\t\t\t\t\t<div class=\"elementor-spacer\">\n\t\t\t<div class=\"elementor-spacer-inner\"><\/div>\n\t\t<\/div>\n\t\t\t\t<\/div>\n\t\t\t\t<\/div>\n\t\t\t\t<div class=\"elementor-element elementor-element-e2b27bd elementor-widget elementor-widget-heading\" data-id=\"e2b27bd\" data-element_type=\"widget\" data-widget_type=\"heading.default\">\n\t\t\t\t<div class=\"elementor-widget-container\">\n\t\t\t<h1 class=\"elementor-heading-title elementor-size-xxl\">F Wurf<\/h1>\t\t<\/div>\n\t\t\t\t<\/div>\n\t\t\t\t\t\t<\/div>\n\t\t\t\t\t<\/div>\n\t\t<\/div>\n\t\t\t\t\t\t\t\t<\/div>\n\t\t\t\t\t<\/div>\n\t\t<\/section>\n\t\t\t\t<section class=\"elementor-section elementor-top-section elementor-element elementor-element-06562ad elementor-section-boxed elementor-section-height-default elementor-section-height-default\" data-id=\"06562ad\" data-element_type=\"section\">\n\t\t\t\t\t\t<div class=\"elementor-container elementor-column-gap-default\">\n\t\t\t\t\t\t\t<div class=\"elementor-row\">\n\t\t\t\t\t<div class=\"elementor-column elementor-col-100 elementor-top-column elementor-element elementor-element-4b5a548\" data-id=\"4b5a548\" data-element_type=\"column\">\n\t\t\t<div class=\"elementor-column-wrap elementor-element-populated\">\n\t\t\t\t\t\t\t<div class=\"elementor-widget-wrap\">\n\t\t\t\t\t\t<div class=\"elementor-element elementor-element-dc1481d elementor-widget elementor-widget-text-editor\" data-id=\"dc1481d\" data-element_type=\"widget\" data-widget_type=\"text-editor.default\">\n\t\t\t\t<div class=\"elementor-widget-container\">\n\t\t\t\t\t\t\t\t<div class=\"elementor-text-editor elementor-clearfix\">\n\t\t\t\t<p><b>F-Wurf vom 26.05.2014\u00a0<\/b><\/p>\t\t\t\t\t<\/div>\n\t\t\t\t\t\t<\/div>\n\t\t\t\t<\/div>\n\t\t\t\t\t\t<\/div>\n\t\t\t\t\t<\/div>\n\t\t<\/div>\n\t\t\t\t\t\t\t\t<\/div>\n\t\t\t\t\t<\/div>\n\t\t<\/section>\n\t\t\t\t<section class=\"elementor-section elementor-top-section elementor-element elementor-element-c8a25a5 elementor-section-boxed elementor-section-height-default elementor-section-height-default\" data-id=\"c8a25a5\" data-element_type=\"section\">\n\t\t\t\t\t\t<div class=\"elementor-container elementor-column-gap-default\">\n\t\t\t\t\t\t\t<div class=\"elementor-row\">\n\t\t\t\t\t<div class=\"elementor-column elementor-col-50 elementor-top-column elementor-element elementor-element-112900a\" data-id=\"112900a\" data-element_type=\"column\">\n\t\t\t<div class=\"elementor-column-wrap elementor-element-populated\">\n\t\t\t\t\t\t\t<div class=\"elementor-widget-wrap\">\n\t\t\t\t\t\t<div class=\"elementor-element elementor-element-3da785d elementor-widget elementor-widget-image\" data-id=\"3da785d\" data-element_type=\"widget\" data-widget_type=\"image.default\">\n\t\t\t\t<div class=\"elementor-widget-container\">\n\t\t\t\t\t\t\t\t<div class=\"elementor-image\">\n\t\t\t\t\t\t\t\t\t\t\t\t<img width=\"300\" height=\"210\" src=\"https:\/\/www.dd-vom-hochwald.de\/wp-content\/uploads\/2018\/07\/img_6342-300x210.jpg\" class=\"attachment-medium size-medium\" alt=\"\" loading=\"lazy\" srcset=\"https:\/\/www.dd-vom-hochwald.de\/wp-content\/uploads\/2018\/07\/img_6342-300x210.jpg 300w, https:\/\/www.dd-vom-hochwald.de\/wp-content\/uploads\/2018\/07\/img_6342-768x538.jpg 768w, https:\/\/www.dd-vom-hochwald.de\/wp-content\/uploads\/2018\/07\/img_6342-1024x717.jpg 1024w, https:\/\/www.dd-vom-hochwald.de\/wp-content\/uploads\/2018\/07\/img_6342.jpg 1920w\" sizes=\"(max-width: 300px) 100vw, 300px\" \/>\t\t\t\t\t\t\t\t\t\t\t\t\t\t<\/div>\n\t\t\t\t\t\t<\/div>\n\t\t\t\t<\/div>\n\t\t\t\t\t\t<\/div>\n\t\t\t\t\t<\/div>\n\t\t<\/div>\n\t\t\t\t<div class=\"elementor-column elementor-col-50 elementor-top-column elementor-element elementor-element-f39e847\" data-id=\"f39e847\" data-element_type=\"column\">\n\t\t\t<div class=\"elementor-column-wrap elementor-element-populated\">\n\t\t\t\t\t\t\t<div class=\"elementor-widget-wrap\">\n\t\t\t\t\t\t<div class=\"elementor-element elementor-element-ea34a66 elementor-widget elementor-widget-image\" data-id=\"ea34a66\" data-element_type=\"widget\" data-widget_type=\"image.default\">\n\t\t\t\t<div class=\"elementor-widget-container\">\n\t\t\t\t\t\t\t\t<div class=\"elementor-image\">\n\t\t\t\t\t\t\t\t\t\t\t\t<img width=\"300\" height=\"224\" src=\"https:\/\/www.dd-vom-hochwald.de\/wp-content\/uploads\/2018\/07\/klein_erot6746-300x224.jpg\" class=\"attachment-medium size-medium\" alt=\"\" loading=\"lazy\" srcset=\"https:\/\/www.dd-vom-hochwald.de\/wp-content\/uploads\/2018\/07\/klein_erot6746-300x224.jpg 300w, https:\/\/www.dd-vom-hochwald.de\/wp-content\/uploads\/2018\/07\/klein_erot6746-768x574.jpg 768w, https:\/\/www.dd-vom-hochwald.de\/wp-content\/uploads\/2018\/07\/klein_erot6746-1024x765.jpg 1024w, https:\/\/www.dd-vom-hochwald.de\/wp-content\/uploads\/2018\/07\/klein_erot6746.jpg 1400w\" sizes=\"(max-width: 300px) 100vw, 300px\" \/>\t\t\t\t\t\t\t\t\t\t\t\t\t\t<\/div>\n\t\t\t\t\t\t<\/div>\n\t\t\t\t<\/div>\n\t\t\t\t\t\t<\/div>\n\t\t\t\t\t<\/div>\n\t\t<\/div>\n\t\t\t\t\t\t\t\t<\/div>\n\t\t\t\t\t<\/div>\n\t\t<\/section>\n\t\t\t\t<section class=\"elementor-section elementor-top-section elementor-element elementor-element-f055ead elementor-section-boxed elementor-section-height-default elementor-section-height-default\" data-id=\"f055ead\" data-element_type=\"section\">\n\t\t\t\t\t\t<div class=\"elementor-container elementor-column-gap-default\">\n\t\t\t\t\t\t\t<div class=\"elementor-row\">\n\t\t\t\t\t<div class=\"elementor-column elementor-col-50 elementor-top-column elementor-element elementor-element-7af27b6\" data-id=\"7af27b6\" data-element_type=\"column\">\n\t\t\t<div class=\"elementor-column-wrap elementor-element-populated\">\n\t\t\t\t\t\t\t<div class=\"elementor-widget-wrap\">\n\t\t\t\t\t\t<div class=\"elementor-element elementor-element-67ccd9a elementor-widget elementor-widget-text-editor\" data-id=\"67ccd9a\" data-element_type=\"widget\" data-widget_type=\"text-editor.default\">\n\t\t\t\t<div class=\"elementor-widget-container\">\n\t\t\t\t\t\t\t\t<div class=\"elementor-text-editor elementor-clearfix\">\n\t\t\t\t<h1>Mutter<\/h1><p>Cleo vom Hochwald, <br \/>Braunschimmel, gew. 25.04.2011<br \/>aus Eila von der Obermosel und Birko vom Jura-Grund.<br \/><br \/>VJP 75 Punkte ( 11 11 11 10 10 ) spurlaut<br \/>HZP o. Spur 188 Punkte Suchensieger<br \/>Brauchbarkeitspr\u00fcfung<br \/>H\u00e4rtenachweis<br \/>Lautjagerabzeichen<br \/>HD und OCD frei<br \/>Formwert 11 \/ Haarwert 10<\/p><p>\u00a0<\/p>\t\t\t\t\t<\/div>\n\t\t\t\t\t\t<\/div>\n\t\t\t\t<\/div>\n\t\t\t\t\t\t<\/div>\n\t\t\t\t\t<\/div>\n\t\t<\/div>\n\t\t\t\t<div class=\"elementor-column elementor-col-50 elementor-top-column elementor-element elementor-element-23005ad\" data-id=\"23005ad\" data-element_type=\"column\">\n\t\t\t<div class=\"elementor-column-wrap elementor-element-populated\">\n\t\t\t\t\t\t\t<div class=\"elementor-widget-wrap\">\n\t\t\t\t\t\t<div class=\"elementor-element elementor-element-b11957f elementor-widget elementor-widget-text-editor\" data-id=\"b11957f\" data-element_type=\"widget\" data-widget_type=\"text-editor.default\">\n\t\t\t\t<div class=\"elementor-widget-container\">\n\t\t\t\t\t\t\t\t<div class=\"elementor-text-editor elementor-clearfix\">\n\t\t\t\t<h1>Vater<\/h1><p>Darko vom Taubmoos<br \/><br \/>gew.: 14.01.2012 Brsch<br \/>ZB-Nummer: 218409<br \/>DGStB-Nr.: Bd 13<br \/>Form\/ Haar: SG (10) V (12)<br \/>H\u00f6he\/ L\u00e4nge: 66\/67<br \/>VJP 1: 72 Punkte<br \/>HZP 1: 220 Punkte \/ 231 Hegwaldpunkte 2013<br \/>VGP 1: I.\/334 \u00dcF<br \/><br \/><br \/>Leistungszeichen und Nachweise: HD-A-ED-OCD frei., HN. Vbr. Btr.<br \/>Beschreibung: \u00dcberdurchschnittliche hervorragende Geschwisterleistungen<\/p>\t\t\t\t\t<\/div>\n\t\t\t\t\t\t<\/div>\n\t\t\t\t<\/div>\n\t\t\t\t\t\t<\/div>\n\t\t\t\t\t<\/div>\n\t\t<\/div>\n\t\t\t\t\t\t\t\t<\/div>\n\t\t\t\t\t<\/div>\n\t\t<\/section>\n\t\t\t\t<section class=\"elementor-section elementor-top-section elementor-element elementor-element-1bb70a5 elementor-section-boxed elementor-section-height-default elementor-section-height-default\" data-id=\"1bb70a5\" data-element_type=\"section\">\n\t\t\t\t\t\t<div class=\"elementor-container elementor-column-gap-default\">\n\t\t\t\t\t\t\t<div class=\"elementor-row\">\n\t\t\t\t\t<div class=\"elementor-column elementor-col-100 elementor-top-column elementor-element elementor-element-3351546\" data-id=\"3351546\" data-element_type=\"column\">\n\t\t\t<div class=\"elementor-column-wrap elementor-element-populated\">\n\t\t\t\t\t\t\t<div class=\"elementor-widget-wrap\">\n\t\t\t\t\t\t<div class=\"elementor-element elementor-element-cade90b elementor-widget elementor-widget-text-editor\" data-id=\"cade90b\" data-element_type=\"widget\" data-widget_type=\"text-editor.default\">\n\t\t\t\t<div class=\"elementor-widget-container\">\n\t\t\t\t\t\t\t\t<div class=\"elementor-text-editor elementor-clearfix\">\n\t\t\t\t<p>Darko ist ein ausgesprochen freundlicher Hund ,ruhig im Wesen und ausgeglichen. Er verk\u00f6rpert den perfekten Familien &#8211; und Jagdhund.Darko ist sehr F\u00fchrerbezogen , ein treuer und zuverl\u00e4ssiger Begleiter. Er wird sowohl auf der Schalenwild \/ Dr\u00fcckjagd und auch bei der Feld und Wasserarbeit eingesetzt und hier liegen auch seine besonderen St\u00e4rken.<br \/>Darko verf\u00fcgt \u00fcber einen enormen Finderwillen. Dieser gepaart mit seiner ausgezeichneten Nasenf\u00fchrung bringen ihn immer schnell ans Wild und lassen das J\u00e4gerherz h\u00f6her schlagen bei den tollen Bildern die er dort zeigt. Darko arbeitet hervorragend auf Schwei\u00df, auch hier macht sich seine feine Nase und Ruhe gepaart mit seiner Ausdauer und Konzentration auf der Rotf\u00e4hrte bezahlt. Darko hat schon viele erfolgreiche Nachsuchen auf Schwarzwild sowie Rehwild absolviert. Darko besitzt eine ausgepr\u00e4gte Raubwildsch\u00e4rfe. Darko wird im Zwinger sowie auch im Haus gehalten.<\/p>\t\t\t\t\t<\/div>\n\t\t\t\t\t\t<\/div>\n\t\t\t\t<\/div>\n\t\t\t\t\t\t<\/div>\n\t\t\t\t\t<\/div>\n\t\t<\/div>\n\t\t\t\t\t\t\t\t<\/div>\n\t\t\t\t\t<\/div>\n\t\t<\/section>\n\t\t\t\t<section class=\"elementor-section elementor-top-section elementor-element elementor-element-f4e1c95 elementor-section-boxed elementor-section-height-default elementor-section-height-default\" data-id=\"f4e1c95\" data-element_type=\"section\">\n\t\t\t\t\t\t<div class=\"elementor-container elementor-column-gap-default\">\n\t\t\t\t\t\t\t<div class=\"elementor-row\">\n\t\t\t\t\t<div class=\"elementor-column elementor-col-100 elementor-top-column elementor-element elementor-element-97f1665\" data-id=\"97f1665\" data-element_type=\"column\">\n\t\t\t<div class=\"elementor-column-wrap\">\n\t\t\t\t\t\t\t<div class=\"elementor-widget-wrap\">\n\t\t\t\t\t\t\t\t<\/div>\n\t\t\t\t\t<\/div>\n\t\t<\/div>\n\t\t\t\t\t\t\t\t<\/div>\n\t\t\t\t\t<\/div>\n\t\t<\/section>\n\t\t\t\t\t\t<\/div>\n\t\t\t\t\t\t<\/div>\n\t\t\t\t\t<\/div>\n\t\t","protected":false},"excerpt":{"rendered":"<p>F Wurf F-Wurf vom 26.05.2014\u00a0 Mutter Cleo vom Hochwald, Braunschimmel, gew. 25.04.2011aus Eila von der Obermosel und Birko vom Jura-Grund. VJP 75 Punkte ( 11 11 11 10 10 ) spurlautHZP o. Spur 188 Punkte SuchensiegerBrauchbarkeitspr\u00fcfungH\u00e4rtenachweisLautjagerabzeichenHD und OCD freiFormwert 11 \/ Haarwert 10 \u00a0 Vater Darko vom Taubmoos gew.: 14.01.2012 BrschZB-Nummer: 218409DGStB-Nr.: Bd 13Form\/ Haar: [&hellip;]<\/p>\n","protected":false},"author":1,"featured_media":0,"parent":137,"menu_order":0,"comment_status":"closed","ping_status":"closed","template":"elementor_header_footer","meta":[],"_links":{"self":[{"href":"https:\/\/www.dd-vom-hochwald.de\/index.php\/wp-json\/wp\/v2\/pages\/327"}],"collection":[{"href":"https:\/\/www.dd-vom-hochwald.de\/index.php\/wp-json\/wp\/v2\/pages"}],"about":[{"href":"https:\/\/www.dd-vom-hochwald.de\/index.php\/wp-json\/wp\/v2\/types\/page"}],"author":[{"embeddable":true,"href":"https:\/\/www.dd-vom-hochwald.de\/index.php\/wp-json\/wp\/v2\/users\/1"}],"replies":[{"embeddable":true,"href":"https:\/\/www.dd-vom-hochwald.de\/index.php\/wp-json\/wp\/v2\/comments?post=327"}],"version-history":[{"count":8,"href":"https:\/\/www.dd-vom-hochwald.de\/index.php\/wp-json\/wp\/v2\/pages\/327\/revisions"}],"predecessor-version":[{"id":778,"href":"https:\/\/www.dd-vom-hochwald.de\/index.php\/wp-json\/wp\/v2\/pages\/327\/revisions\/778"}],"up":[{"embeddable":true,"href":"https:\/\/www.dd-vom-hochwald.de\/index.php\/wp-json\/wp\/v2\/pages\/137"}],"wp:attachment":[{"href":"https:\/\/www.dd-vom-hochwald.de\/index.php\/wp-json\/wp\/v2\/media?parent=327"}],"curies":[{"name":"wp","href":"https:\/\/api.w.org\/{rel}","templated":true}]}}