{"id":331,"date":"2018-05-22T16:55:02","date_gmt":"2018-05-22T16:55:02","guid":{"rendered":"http:\/\/www.dd-vom-hochwald.de\/?page_id=331"},"modified":"2018-07-08T14:33:48","modified_gmt":"2018-07-08T14:33:48","slug":"hwurf","status":"publish","type":"page","link":"https:\/\/www.dd-vom-hochwald.de\/index.php\/wurfe\/hwurf\/","title":{"rendered":"H Wurf"},"content":{"rendered":"\t\t<div data-elementor-type=\"wp-page\" data-elementor-id=\"331\" class=\"elementor elementor-331 elementor-bc-flex-widget\" data-elementor-settings=\"[]\">\n\t\t\t\t\t\t<div class=\"elementor-inner\">\n\t\t\t\t\t\t\t<div class=\"elementor-section-wrap\">\n\t\t\t\t\t\t\t<section class=\"elementor-section elementor-top-section elementor-element elementor-element-873b89e elementor-section-boxed elementor-section-height-default elementor-section-height-default\" data-id=\"873b89e\" data-element_type=\"section\">\n\t\t\t\t\t\t<div class=\"elementor-container elementor-column-gap-default\">\n\t\t\t\t\t\t\t<div class=\"elementor-row\">\n\t\t\t\t\t<div class=\"elementor-column elementor-col-100 elementor-top-column elementor-element elementor-element-0b396dc\" data-id=\"0b396dc\" data-element_type=\"column\">\n\t\t\t<div class=\"elementor-column-wrap elementor-element-populated\">\n\t\t\t\t\t\t\t<div class=\"elementor-widget-wrap\">\n\t\t\t\t\t\t<div class=\"elementor-element elementor-element-a309312 elementor-widget elementor-widget-spacer\" data-id=\"a309312\" data-element_type=\"widget\" data-widget_type=\"spacer.default\">\n\t\t\t\t<div class=\"elementor-widget-container\">\n\t\t\t\t\t<div class=\"elementor-spacer\">\n\t\t\t<div class=\"elementor-spacer-inner\"><\/div>\n\t\t<\/div>\n\t\t\t\t<\/div>\n\t\t\t\t<\/div>\n\t\t\t\t<div class=\"elementor-element elementor-element-d15c3ff elementor-widget elementor-widget-heading\" data-id=\"d15c3ff\" data-element_type=\"widget\" data-widget_type=\"heading.default\">\n\t\t\t\t<div class=\"elementor-widget-container\">\n\t\t\t<h1 class=\"elementor-heading-title elementor-size-xxl\">H Wurf <\/h1>\t\t<\/div>\n\t\t\t\t<\/div>\n\t\t\t\t\t\t<\/div>\n\t\t\t\t\t<\/div>\n\t\t<\/div>\n\t\t\t\t\t\t\t\t<\/div>\n\t\t\t\t\t<\/div>\n\t\t<\/section>\n\t\t\t\t<section class=\"elementor-section elementor-top-section elementor-element elementor-element-2b6a618 elementor-section-boxed elementor-section-height-default elementor-section-height-default\" data-id=\"2b6a618\" data-element_type=\"section\">\n\t\t\t\t\t\t<div class=\"elementor-container elementor-column-gap-default\">\n\t\t\t\t\t\t\t<div class=\"elementor-row\">\n\t\t\t\t\t<div class=\"elementor-column elementor-col-100 elementor-top-column elementor-element elementor-element-a8ade14\" data-id=\"a8ade14\" data-element_type=\"column\">\n\t\t\t<div class=\"elementor-column-wrap elementor-element-populated\">\n\t\t\t\t\t\t\t<div class=\"elementor-widget-wrap\">\n\t\t\t\t\t\t<div class=\"elementor-element elementor-element-71de349 elementor-widget elementor-widget-text-editor\" data-id=\"71de349\" data-element_type=\"widget\" data-widget_type=\"text-editor.default\">\n\t\t\t\t<div class=\"elementor-widget-container\">\n\t\t\t\t\t\t\t\t<div class=\"elementor-text-editor elementor-clearfix\">\n\t\t\t\t<p>H-Wurf vom 06.12.2016<\/p>\t\t\t\t\t<\/div>\n\t\t\t\t\t\t<\/div>\n\t\t\t\t<\/div>\n\t\t\t\t\t\t<\/div>\n\t\t\t\t\t<\/div>\n\t\t<\/div>\n\t\t\t\t\t\t\t\t<\/div>\n\t\t\t\t\t<\/div>\n\t\t<\/section>\n\t\t\t\t<section class=\"elementor-section elementor-top-section elementor-element elementor-element-ecfd21b elementor-section-boxed elementor-section-height-default elementor-section-height-default\" data-id=\"ecfd21b\" data-element_type=\"section\">\n\t\t\t\t\t\t<div class=\"elementor-container elementor-column-gap-default\">\n\t\t\t\t\t\t\t<div class=\"elementor-row\">\n\t\t\t\t\t<div class=\"elementor-column elementor-col-50 elementor-top-column elementor-element elementor-element-9edfab7\" data-id=\"9edfab7\" data-element_type=\"column\">\n\t\t\t<div class=\"elementor-column-wrap elementor-element-populated\">\n\t\t\t\t\t\t\t<div class=\"elementor-widget-wrap\">\n\t\t\t\t\t\t<div class=\"elementor-element elementor-element-8e64dc1 elementor-widget elementor-widget-image\" data-id=\"8e64dc1\" data-element_type=\"widget\" data-widget_type=\"image.default\">\n\t\t\t\t<div class=\"elementor-widget-container\">\n\t\t\t\t\t\t\t\t<div class=\"elementor-image\">\n\t\t\t\t\t\t\t\t\t\t\t\t<img width=\"300\" height=\"210\" src=\"https:\/\/www.dd-vom-hochwald.de\/wp-content\/uploads\/2018\/07\/img_6342-300x210.jpg\" class=\"attachment-medium size-medium\" alt=\"\" loading=\"lazy\" srcset=\"https:\/\/www.dd-vom-hochwald.de\/wp-content\/uploads\/2018\/07\/img_6342-300x210.jpg 300w, https:\/\/www.dd-vom-hochwald.de\/wp-content\/uploads\/2018\/07\/img_6342-768x538.jpg 768w, https:\/\/www.dd-vom-hochwald.de\/wp-content\/uploads\/2018\/07\/img_6342-1024x717.jpg 1024w, https:\/\/www.dd-vom-hochwald.de\/wp-content\/uploads\/2018\/07\/img_6342.jpg 1920w\" sizes=\"(max-width: 300px) 100vw, 300px\" \/>\t\t\t\t\t\t\t\t\t\t\t\t\t\t<\/div>\n\t\t\t\t\t\t<\/div>\n\t\t\t\t<\/div>\n\t\t\t\t\t\t<\/div>\n\t\t\t\t\t<\/div>\n\t\t<\/div>\n\t\t\t\t<div class=\"elementor-column elementor-col-50 elementor-top-column elementor-element elementor-element-f25e333\" data-id=\"f25e333\" data-element_type=\"column\">\n\t\t\t<div class=\"elementor-column-wrap elementor-element-populated\">\n\t\t\t\t\t\t\t<div class=\"elementor-widget-wrap\">\n\t\t\t\t\t\t<div class=\"elementor-element elementor-element-12da17e elementor-widget elementor-widget-image\" data-id=\"12da17e\" data-element_type=\"widget\" data-widget_type=\"image.default\">\n\t\t\t\t<div class=\"elementor-widget-container\">\n\t\t\t\t\t\t\t\t<div class=\"elementor-image\">\n\t\t\t\t\t\t\t\t\t\t\t\t<img width=\"300\" height=\"270\" src=\"https:\/\/www.dd-vom-hochwald.de\/wp-content\/uploads\/2018\/07\/otto1-300x270.jpg\" class=\"attachment-medium size-medium\" alt=\"\" loading=\"lazy\" \/>\t\t\t\t\t\t\t\t\t\t\t\t\t\t<\/div>\n\t\t\t\t\t\t<\/div>\n\t\t\t\t<\/div>\n\t\t\t\t\t\t<\/div>\n\t\t\t\t\t<\/div>\n\t\t<\/div>\n\t\t\t\t\t\t\t\t<\/div>\n\t\t\t\t\t<\/div>\n\t\t<\/section>\n\t\t\t\t<section class=\"elementor-section elementor-top-section elementor-element elementor-element-e307c9c elementor-section-boxed elementor-section-height-default elementor-section-height-default\" data-id=\"e307c9c\" data-element_type=\"section\">\n\t\t\t\t\t\t<div class=\"elementor-container elementor-column-gap-default\">\n\t\t\t\t\t\t\t<div class=\"elementor-row\">\n\t\t\t\t\t<div class=\"elementor-column elementor-col-50 elementor-top-column elementor-element elementor-element-e2b1d6a\" data-id=\"e2b1d6a\" data-element_type=\"column\">\n\t\t\t<div class=\"elementor-column-wrap elementor-element-populated\">\n\t\t\t\t\t\t\t<div class=\"elementor-widget-wrap\">\n\t\t\t\t\t\t<div class=\"elementor-element elementor-element-3d28b2a elementor-widget elementor-widget-text-editor\" data-id=\"3d28b2a\" data-element_type=\"widget\" data-widget_type=\"text-editor.default\">\n\t\t\t\t<div class=\"elementor-widget-container\">\n\t\t\t\t\t\t\t\t<div class=\"elementor-text-editor elementor-clearfix\">\n\t\t\t\t<h1>Mutter<\/h1><p>Cleo vom Hochwald,\u00a0<\/p><p>Braunschimmel, gew. 25.04.2011<br \/>aus Eila von der Obermosel und Birko vom Jura-Grund.<\/p><p>VJP 75 Punkte ( 11 11 11 10 10 ) spurlaut<br \/>HZP o. Spur 188 Punkte Suchensieger<br \/>Brauchbarkeitspr\u00fcfung<br \/>H\u00e4rtenachweis<br \/>Lautjagerabzeichen<br \/>HD und OCD frei<br \/>Formwert 11 \/ Haarwert 10<\/p>\t\t\t\t\t<\/div>\n\t\t\t\t\t\t<\/div>\n\t\t\t\t<\/div>\n\t\t\t\t\t\t<\/div>\n\t\t\t\t\t<\/div>\n\t\t<\/div>\n\t\t\t\t<div class=\"elementor-column elementor-col-50 elementor-top-column elementor-element elementor-element-32dda63\" data-id=\"32dda63\" data-element_type=\"column\">\n\t\t\t<div class=\"elementor-column-wrap elementor-element-populated\">\n\t\t\t\t\t\t\t<div class=\"elementor-widget-wrap\">\n\t\t\t\t\t\t<div class=\"elementor-element elementor-element-ca2be79 elementor-widget elementor-widget-text-editor\" data-id=\"ca2be79\" data-element_type=\"widget\" data-widget_type=\"text-editor.default\">\n\t\t\t\t<div class=\"elementor-widget-container\">\n\t\t\t\t\t\t\t\t<div class=\"elementor-text-editor elementor-clearfix\">\n\t\t\t\t<h1>Vater<\/h1><p>Otto vom Falkenberg<\/p><p>gew.: 10.02.2011<br \/>Farbe: Brsch<br \/>Zuchtbuch-Nr.: 215739<br \/>DGStB-Nr.: 65780<br \/>Zuchtregister-Nr.: 285\/11-II<br \/>Form\/ Haar: 11\/11<br \/>H\u00f6he\/ L\u00e4nge: 65\/66<br \/>VJP 1: 70<br \/>VJP 2: 66<br \/>HZP 1: 220 m.Sp.<br \/>VGP 1: I.320 \u00dcF<\/p>\t\t\t\t\t<\/div>\n\t\t\t\t\t\t<\/div>\n\t\t\t\t<\/div>\n\t\t\t\t\t\t<\/div>\n\t\t\t\t\t<\/div>\n\t\t<\/div>\n\t\t\t\t\t\t\t\t<\/div>\n\t\t\t\t\t<\/div>\n\t\t<\/section>\n\t\t\t\t<section class=\"elementor-section elementor-top-section elementor-element elementor-element-61c8668 elementor-section-boxed elementor-section-height-default elementor-section-height-default\" data-id=\"61c8668\" data-element_type=\"section\">\n\t\t\t\t\t\t<div class=\"elementor-container elementor-column-gap-default\">\n\t\t\t\t\t\t\t<div class=\"elementor-row\">\n\t\t\t\t\t<div class=\"elementor-column elementor-col-100 elementor-top-column elementor-element elementor-element-de21c2d\" data-id=\"de21c2d\" data-element_type=\"column\">\n\t\t\t<div class=\"elementor-column-wrap elementor-element-populated\">\n\t\t\t\t\t\t\t<div class=\"elementor-widget-wrap\">\n\t\t\t\t\t\t<div class=\"elementor-element elementor-element-6f5e67e elementor-widget elementor-widget-spacer\" data-id=\"6f5e67e\" data-element_type=\"widget\" data-widget_type=\"spacer.default\">\n\t\t\t\t<div class=\"elementor-widget-container\">\n\t\t\t\t\t<div class=\"elementor-spacer\">\n\t\t\t<div class=\"elementor-spacer-inner\"><\/div>\n\t\t<\/div>\n\t\t\t\t<\/div>\n\t\t\t\t<\/div>\n\t\t\t\t\t\t<\/div>\n\t\t\t\t\t<\/div>\n\t\t<\/div>\n\t\t\t\t\t\t\t\t<\/div>\n\t\t\t\t\t<\/div>\n\t\t<\/section>\n\t\t\t\t<section class=\"elementor-section elementor-top-section elementor-element elementor-element-d1d1067 elementor-section-boxed elementor-section-height-default elementor-section-height-default\" data-id=\"d1d1067\" data-element_type=\"section\">\n\t\t\t\t\t\t<div class=\"elementor-container elementor-column-gap-default\">\n\t\t\t\t\t\t\t<div class=\"elementor-row\">\n\t\t\t\t\t<div class=\"elementor-column elementor-col-100 elementor-top-column elementor-element elementor-element-95d1ebb\" data-id=\"95d1ebb\" data-element_type=\"column\">\n\t\t\t<div class=\"elementor-column-wrap elementor-element-populated\">\n\t\t\t\t\t\t\t<div class=\"elementor-widget-wrap\">\n\t\t\t\t\t\t<div class=\"elementor-element elementor-element-a0bc12a elementor-widget elementor-widget-text-editor\" data-id=\"a0bc12a\" data-element_type=\"widget\" data-widget_type=\"text-editor.default\">\n\t\t\t\t<div class=\"elementor-widget-container\">\n\t\t\t\t\t\t\t\t<div class=\"elementor-text-editor elementor-clearfix\">\n\t\t\t\t<p>Cleo kann man als den jagdlichen Allrounder bezeichnen.<\/p><p>Hervorzuheben ist Ihre feine Nase bei der Feldarbeit mit festem Vorstehen,\u00a0ferner ist sie hartn\u00e4ckig w\u00e4hrend des Verfolgens einer Spur.\u00a0Cleo ist zudem ein hervorragender Hund im Wasser, der eigentlich jeden Teich auf den Kopf stellt. (Wasser 11 Punkte )<\/p><p>Ihre absolute St\u00e4rke ist aber die Schwei\u00dfarbeit. In Kombination mit der Ihr\u00a0eigenen Ruhe und ihrer feinen Nase meistert sie souver\u00e4n die anfallenden\u00a0Schwei\u00dfarbeiten. Dabei ist Ihre ruhige, zielstrebige Gangart hervorzuheben.\u00a0Ein Hund, der einem nicht den Schwei\u00dfriemen durch die Hand zieht. Im Abschlu\u00df ist sie nach dem Schnallen kompomisslos scharf und packt zu.<\/p><p>Beim Pirschen und Ablegen unter dem Hochsitz ist der Hund absolut ruhig und gehorsam.<\/p><p>Au\u00dferdem ist Cleo als extrem leichtf\u00fchrig und nach Meinung aller, \u201d wundersch\u00f6n\u201d.<\/p><p>Otto ist ein typvoller ruhiger R\u00fcde.Er leistet hervorragende Feld und Waldarbeit,steht fest vor und ist ein passionierter Wasserarbeiter. Der R\u00fcde wird in einem Hochwildrevier gef\u00fchrt, wo er haupts\u00e4chlich zur Nachsuche eingesetzt wird.<br \/>Er hat seine Pr\u00fcfungen alle sehr gut absolviert, auf der Hegewald in Geseke hat er 220 Arbeitspunkte erreicht mit Spur 12 und Nase 11.<br \/><br \/>In seiner Ahnentafel stehen dreimal Basko II und Birko II vom Richthof.\u00a0<br \/>Diese Br\u00fcder haben sehr viele korrekte, gesunde und gute Nachkommen in die Drahthaarzucht gebracht.<\/p><p>\u00a0<\/p>\t\t\t\t\t<\/div>\n\t\t\t\t\t\t<\/div>\n\t\t\t\t<\/div>\n\t\t\t\t\t\t<\/div>\n\t\t\t\t\t<\/div>\n\t\t<\/div>\n\t\t\t\t\t\t\t\t<\/div>\n\t\t\t\t\t<\/div>\n\t\t<\/section>\n\t\t\t\t\t\t<\/div>\n\t\t\t\t\t\t<\/div>\n\t\t\t\t\t<\/div>\n\t\t","protected":false},"excerpt":{"rendered":"<p>H Wurf H-Wurf vom 06.12.2016 Mutter Cleo vom Hochwald,\u00a0 Braunschimmel, gew. 25.04.2011aus Eila von der Obermosel und Birko vom Jura-Grund. VJP 75 Punkte ( 11 11 11 10 10 ) spurlautHZP o. Spur 188 Punkte SuchensiegerBrauchbarkeitspr\u00fcfungH\u00e4rtenachweisLautjagerabzeichenHD und OCD freiFormwert 11 \/ Haarwert 10 Vater Otto vom Falkenberg gew.: 10.02.2011Farbe: BrschZuchtbuch-Nr.: 215739DGStB-Nr.: 65780Zuchtregister-Nr.: 285\/11-IIForm\/ Haar: 11\/11H\u00f6he\/ [&hellip;]<\/p>\n","protected":false},"author":1,"featured_media":0,"parent":137,"menu_order":0,"comment_status":"closed","ping_status":"closed","template":"elementor_header_footer","meta":[],"_links":{"self":[{"href":"https:\/\/www.dd-vom-hochwald.de\/index.php\/wp-json\/wp\/v2\/pages\/331"}],"collection":[{"href":"https:\/\/www.dd-vom-hochwald.de\/index.php\/wp-json\/wp\/v2\/pages"}],"about":[{"href":"https:\/\/www.dd-vom-hochwald.de\/index.php\/wp-json\/wp\/v2\/types\/page"}],"author":[{"embeddable":true,"href":"https:\/\/www.dd-vom-hochwald.de\/index.php\/wp-json\/wp\/v2\/users\/1"}],"replies":[{"embeddable":true,"href":"https:\/\/www.dd-vom-hochwald.de\/index.php\/wp-json\/wp\/v2\/comments?post=331"}],"version-history":[{"count":14,"href":"https:\/\/www.dd-vom-hochwald.de\/index.php\/wp-json\/wp\/v2\/pages\/331\/revisions"}],"predecessor-version":[{"id":786,"href":"https:\/\/www.dd-vom-hochwald.de\/index.php\/wp-json\/wp\/v2\/pages\/331\/revisions\/786"}],"up":[{"embeddable":true,"href":"https:\/\/www.dd-vom-hochwald.de\/index.php\/wp-json\/wp\/v2\/pages\/137"}],"wp:attachment":[{"href":"https:\/\/www.dd-vom-hochwald.de\/index.php\/wp-json\/wp\/v2\/media?parent=331"}],"curies":[{"name":"wp","href":"https:\/\/api.w.org\/{rel}","templated":true}]}}