{"id":563,"date":"2018-07-05T10:22:30","date_gmt":"2018-07-05T10:22:30","guid":{"rendered":"http:\/\/www.dd-vom-hochwald.de\/?page_id=563"},"modified":"2018-07-10T16:31:56","modified_gmt":"2018-07-10T16:31:56","slug":"iwurf-2","status":"publish","type":"page","link":"https:\/\/www.dd-vom-hochwald.de\/index.php\/wurfe\/iwurf-2\/","title":{"rendered":"I  Wurf"},"content":{"rendered":"\t\t<div data-elementor-type=\"wp-post\" data-elementor-id=\"563\" class=\"elementor elementor-563 elementor-bc-flex-widget\" data-elementor-settings=\"[]\">\n\t\t\t\t\t\t<div class=\"elementor-inner\">\n\t\t\t\t\t\t\t<div class=\"elementor-section-wrap\">\n\t\t\t\t\t\t\t<section class=\"elementor-section elementor-top-section elementor-element elementor-element-a429dae elementor-section-boxed elementor-section-height-default elementor-section-height-default\" data-id=\"a429dae\" data-element_type=\"section\">\n\t\t\t\t\t\t<div class=\"elementor-container elementor-column-gap-default\">\n\t\t\t\t\t\t\t<div class=\"elementor-row\">\n\t\t\t\t\t<div class=\"elementor-column elementor-col-100 elementor-top-column elementor-element elementor-element-1ffe8aa\" data-id=\"1ffe8aa\" data-element_type=\"column\">\n\t\t\t<div class=\"elementor-column-wrap elementor-element-populated\">\n\t\t\t\t\t\t\t<div class=\"elementor-widget-wrap\">\n\t\t\t\t\t\t<div class=\"elementor-element elementor-element-5d586a0 elementor-widget elementor-widget-spacer\" data-id=\"5d586a0\" data-element_type=\"widget\" data-widget_type=\"spacer.default\">\n\t\t\t\t<div class=\"elementor-widget-container\">\n\t\t\t\t\t<div class=\"elementor-spacer\">\n\t\t\t<div class=\"elementor-spacer-inner\"><\/div>\n\t\t<\/div>\n\t\t\t\t<\/div>\n\t\t\t\t<\/div>\n\t\t\t\t<div class=\"elementor-element elementor-element-b58ebf8 elementor-widget elementor-widget-heading\" data-id=\"b58ebf8\" data-element_type=\"widget\" data-widget_type=\"heading.default\">\n\t\t\t\t<div class=\"elementor-widget-container\">\n\t\t\t<h1 class=\"elementor-heading-title elementor-size-xxl\">I Wurf<\/h1>\t\t<\/div>\n\t\t\t\t<\/div>\n\t\t\t\t\t\t<\/div>\n\t\t\t\t\t<\/div>\n\t\t<\/div>\n\t\t\t\t\t\t\t\t<\/div>\n\t\t\t\t\t<\/div>\n\t\t<\/section>\n\t\t\t\t<section class=\"elementor-section elementor-top-section elementor-element elementor-element-04eeedc elementor-section-boxed elementor-section-height-default elementor-section-height-default\" data-id=\"04eeedc\" data-element_type=\"section\">\n\t\t\t\t\t\t<div class=\"elementor-container elementor-column-gap-default\">\n\t\t\t\t\t\t\t<div class=\"elementor-row\">\n\t\t\t\t\t<div class=\"elementor-column elementor-col-100 elementor-top-column elementor-element elementor-element-8de65a1\" data-id=\"8de65a1\" data-element_type=\"column\">\n\t\t\t<div class=\"elementor-column-wrap elementor-element-populated\">\n\t\t\t\t\t\t\t<div class=\"elementor-widget-wrap\">\n\t\t\t\t\t\t<div class=\"elementor-element elementor-element-6ec74f9 elementor-widget elementor-widget-text-editor\" data-id=\"6ec74f9\" data-element_type=\"widget\" data-widget_type=\"text-editor.default\">\n\t\t\t\t<div class=\"elementor-widget-container\">\n\t\t\t\t\t\t\t\t<div class=\"elementor-text-editor elementor-clearfix\">\n\t\t\t\t<p>I-Wurf 07.04.2018<\/p>\t\t\t\t\t<\/div>\n\t\t\t\t\t\t<\/div>\n\t\t\t\t<\/div>\n\t\t\t\t\t\t<\/div>\n\t\t\t\t\t<\/div>\n\t\t<\/div>\n\t\t\t\t\t\t\t\t<\/div>\n\t\t\t\t\t<\/div>\n\t\t<\/section>\n\t\t\t\t<section class=\"elementor-section elementor-top-section elementor-element elementor-element-8ac1329 elementor-section-boxed elementor-section-height-default elementor-section-height-default\" data-id=\"8ac1329\" data-element_type=\"section\">\n\t\t\t\t\t\t<div class=\"elementor-container elementor-column-gap-default\">\n\t\t\t\t\t\t\t<div class=\"elementor-row\">\n\t\t\t\t\t<div class=\"elementor-column elementor-col-100 elementor-top-column elementor-element elementor-element-ae2b792\" data-id=\"ae2b792\" data-element_type=\"column\">\n\t\t\t<div class=\"elementor-column-wrap elementor-element-populated\">\n\t\t\t\t\t\t\t<div class=\"elementor-widget-wrap\">\n\t\t\t\t\t\t<div class=\"elementor-element elementor-element-3cf6c18 elementor-widget elementor-widget-spacer\" data-id=\"3cf6c18\" data-element_type=\"widget\" data-widget_type=\"spacer.default\">\n\t\t\t\t<div class=\"elementor-widget-container\">\n\t\t\t\t\t<div class=\"elementor-spacer\">\n\t\t\t<div class=\"elementor-spacer-inner\"><\/div>\n\t\t<\/div>\n\t\t\t\t<\/div>\n\t\t\t\t<\/div>\n\t\t\t\t\t\t<\/div>\n\t\t\t\t\t<\/div>\n\t\t<\/div>\n\t\t\t\t\t\t\t\t<\/div>\n\t\t\t\t\t<\/div>\n\t\t<\/section>\n\t\t\t\t<section class=\"elementor-section elementor-top-section elementor-element elementor-element-44f8ec6 elementor-section-boxed elementor-section-height-default elementor-section-height-default\" data-id=\"44f8ec6\" data-element_type=\"section\">\n\t\t\t\t\t\t<div class=\"elementor-container elementor-column-gap-default\">\n\t\t\t\t\t\t\t<div class=\"elementor-row\">\n\t\t\t\t\t<div class=\"elementor-column elementor-col-50 elementor-top-column elementor-element elementor-element-c5c1e32\" data-id=\"c5c1e32\" data-element_type=\"column\">\n\t\t\t<div class=\"elementor-column-wrap elementor-element-populated\">\n\t\t\t\t\t\t\t<div class=\"elementor-widget-wrap\">\n\t\t\t\t\t\t<div class=\"elementor-element elementor-element-17bc6f8 elementor-widget elementor-widget-image\" data-id=\"17bc6f8\" data-element_type=\"widget\" data-widget_type=\"image.default\">\n\t\t\t\t<div class=\"elementor-widget-container\">\n\t\t\t\t\t\t\t\t<div class=\"elementor-image\">\n\t\t\t\t\t\t\t\t\t\t\t\t<img width=\"300\" height=\"210\" src=\"https:\/\/www.dd-vom-hochwald.de\/wp-content\/uploads\/2018\/07\/img_6342-300x210.jpg\" class=\"attachment-medium size-medium\" alt=\"\" loading=\"lazy\" srcset=\"https:\/\/www.dd-vom-hochwald.de\/wp-content\/uploads\/2018\/07\/img_6342-300x210.jpg 300w, https:\/\/www.dd-vom-hochwald.de\/wp-content\/uploads\/2018\/07\/img_6342-768x538.jpg 768w, https:\/\/www.dd-vom-hochwald.de\/wp-content\/uploads\/2018\/07\/img_6342-1024x717.jpg 1024w, https:\/\/www.dd-vom-hochwald.de\/wp-content\/uploads\/2018\/07\/img_6342.jpg 1920w\" sizes=\"(max-width: 300px) 100vw, 300px\" \/>\t\t\t\t\t\t\t\t\t\t\t\t\t\t<\/div>\n\t\t\t\t\t\t<\/div>\n\t\t\t\t<\/div>\n\t\t\t\t\t\t<\/div>\n\t\t\t\t\t<\/div>\n\t\t<\/div>\n\t\t\t\t<div class=\"elementor-column elementor-col-50 elementor-top-column elementor-element elementor-element-5422a80\" data-id=\"5422a80\" data-element_type=\"column\">\n\t\t\t<div class=\"elementor-column-wrap elementor-element-populated\">\n\t\t\t\t\t\t\t<div class=\"elementor-widget-wrap\">\n\t\t\t\t\t\t<div class=\"elementor-element elementor-element-02096df elementor-widget elementor-widget-image\" data-id=\"02096df\" data-element_type=\"widget\" data-widget_type=\"image.default\">\n\t\t\t\t<div class=\"elementor-widget-container\">\n\t\t\t\t\t\t\t\t<div class=\"elementor-image\">\n\t\t\t\t\t\t\t\t\t\t\t\t<img width=\"300\" height=\"225\" src=\"https:\/\/www.dd-vom-hochwald.de\/wp-content\/uploads\/2018\/07\/img-20180202-wa0002-300x225.jpg\" class=\"attachment-medium size-medium\" alt=\"\" loading=\"lazy\" srcset=\"https:\/\/www.dd-vom-hochwald.de\/wp-content\/uploads\/2018\/07\/img-20180202-wa0002-300x225.jpg 300w, https:\/\/www.dd-vom-hochwald.de\/wp-content\/uploads\/2018\/07\/img-20180202-wa0002.jpg 640w\" sizes=\"(max-width: 300px) 100vw, 300px\" \/>\t\t\t\t\t\t\t\t\t\t\t\t\t\t<\/div>\n\t\t\t\t\t\t<\/div>\n\t\t\t\t<\/div>\n\t\t\t\t\t\t<\/div>\n\t\t\t\t\t<\/div>\n\t\t<\/div>\n\t\t\t\t\t\t\t\t<\/div>\n\t\t\t\t\t<\/div>\n\t\t<\/section>\n\t\t\t\t<section class=\"elementor-section elementor-top-section elementor-element elementor-element-9a5252d elementor-section-boxed elementor-section-height-default elementor-section-height-default\" data-id=\"9a5252d\" data-element_type=\"section\">\n\t\t\t\t\t\t<div class=\"elementor-container elementor-column-gap-default\">\n\t\t\t\t\t\t\t<div class=\"elementor-row\">\n\t\t\t\t\t<div class=\"elementor-column elementor-col-50 elementor-top-column elementor-element elementor-element-6711a0b\" data-id=\"6711a0b\" data-element_type=\"column\">\n\t\t\t<div class=\"elementor-column-wrap elementor-element-populated\">\n\t\t\t\t\t\t\t<div class=\"elementor-widget-wrap\">\n\t\t\t\t\t\t<div class=\"elementor-element elementor-element-4091efd elementor-widget elementor-widget-text-editor\" data-id=\"4091efd\" data-element_type=\"widget\" data-widget_type=\"text-editor.default\">\n\t\t\t\t<div class=\"elementor-widget-container\">\n\t\t\t\t\t\t\t\t<div class=\"elementor-text-editor elementor-clearfix\">\n\t\t\t\t<h1>Mutter\u00a0<\/h1><p><b>Cleo vom Hochwald<\/b><\/p><p><b><\/b>gew. 25.04.2011<br \/>aus Eila von der Obermosel und Birko vom Jura-Grund.<\/p><p>VJP 75 Punkte ( 11 11 11 10 10 ) spurlaut<br \/>HZP o. Spur 188 Punkte Suchensieger<br \/>Brauchbarkeitspr\u00fcfung<br \/>H\u00e4rtenachweis<br \/>Lautjagerabzeichen<br \/>HD und OCD frei<br \/>Saujager DD<\/p><p>Genomische Zuchtwerte:<\/p><p>HD 92 HD frei<br \/>OCD 91 OCD frei<\/p><p>Cleo vom Hochwald vererbt homozygot, d.h sie vererbt immer Bart<\/p><p>Formwert 11 \/ Haarwert 10<\/p>\t\t\t\t\t<\/div>\n\t\t\t\t\t\t<\/div>\n\t\t\t\t<\/div>\n\t\t\t\t\t\t<\/div>\n\t\t\t\t\t<\/div>\n\t\t<\/div>\n\t\t\t\t<div class=\"elementor-column elementor-col-50 elementor-top-column elementor-element elementor-element-3e7a8d3\" data-id=\"3e7a8d3\" data-element_type=\"column\">\n\t\t\t<div class=\"elementor-column-wrap elementor-element-populated\">\n\t\t\t\t\t\t\t<div class=\"elementor-widget-wrap\">\n\t\t\t\t\t\t<div class=\"elementor-element elementor-element-a118d00 elementor-widget elementor-widget-text-editor\" data-id=\"a118d00\" data-element_type=\"widget\" data-widget_type=\"text-editor.default\">\n\t\t\t\t<div class=\"elementor-widget-container\">\n\t\t\t\t\t\t\t\t<div class=\"elementor-text-editor elementor-clearfix\">\n\t\t\t\t<h1>Vater<\/h1><p>Rambo vom Burgwald<\/p><p>gew. 11.05.2012<br \/>aus Odessa vom Burgwald und Otter vom Bandorfer Forst<br \/><br \/>VJP 72 spurlaut<br \/>Hegewald 216 ( 11 leb. Ente )<br \/>VGP 344<br \/>Vbr<br \/>Brauchbarkeitspr\u00fcfung<br \/>H\u00e4rtenachweis<br \/>Formwert\/Haarwert sg sg<br \/>Schulterh\u00f6he 63 cm<br \/><br \/><br \/><\/p>\t\t\t\t\t<\/div>\n\t\t\t\t\t\t<\/div>\n\t\t\t\t<\/div>\n\t\t\t\t\t\t<\/div>\n\t\t\t\t\t<\/div>\n\t\t<\/div>\n\t\t\t\t\t\t\t\t<\/div>\n\t\t\t\t\t<\/div>\n\t\t<\/section>\n\t\t\t\t<section class=\"elementor-section elementor-top-section elementor-element elementor-element-a48f849 elementor-section-boxed elementor-section-height-default elementor-section-height-default\" data-id=\"a48f849\" data-element_type=\"section\">\n\t\t\t\t\t\t<div class=\"elementor-container elementor-column-gap-default\">\n\t\t\t\t\t\t\t<div class=\"elementor-row\">\n\t\t\t\t\t<div class=\"elementor-column elementor-col-100 elementor-top-column elementor-element elementor-element-b8d0f83\" data-id=\"b8d0f83\" data-element_type=\"column\">\n\t\t\t<div class=\"elementor-column-wrap elementor-element-populated\">\n\t\t\t\t\t\t\t<div class=\"elementor-widget-wrap\">\n\t\t\t\t\t\t<div class=\"elementor-element elementor-element-881d2a7 elementor-widget elementor-widget-spacer\" data-id=\"881d2a7\" data-element_type=\"widget\" data-widget_type=\"spacer.default\">\n\t\t\t\t<div class=\"elementor-widget-container\">\n\t\t\t\t\t<div class=\"elementor-spacer\">\n\t\t\t<div class=\"elementor-spacer-inner\"><\/div>\n\t\t<\/div>\n\t\t\t\t<\/div>\n\t\t\t\t<\/div>\n\t\t\t\t\t\t<\/div>\n\t\t\t\t\t<\/div>\n\t\t<\/div>\n\t\t\t\t\t\t\t\t<\/div>\n\t\t\t\t\t<\/div>\n\t\t<\/section>\n\t\t\t\t<section class=\"elementor-section elementor-top-section elementor-element elementor-element-d3d1252 elementor-section-boxed elementor-section-height-default elementor-section-height-default\" data-id=\"d3d1252\" data-element_type=\"section\">\n\t\t\t\t\t\t<div class=\"elementor-container elementor-column-gap-default\">\n\t\t\t\t\t\t\t<div class=\"elementor-row\">\n\t\t\t\t\t<div class=\"elementor-column elementor-col-100 elementor-top-column elementor-element elementor-element-be177b3\" data-id=\"be177b3\" data-element_type=\"column\">\n\t\t\t<div class=\"elementor-column-wrap elementor-element-populated\">\n\t\t\t\t\t\t\t<div class=\"elementor-widget-wrap\">\n\t\t\t\t\t\t<div class=\"elementor-element elementor-element-29dc999 elementor-widget elementor-widget-text-editor\" data-id=\"29dc999\" data-element_type=\"widget\" data-widget_type=\"text-editor.default\">\n\t\t\t\t<div class=\"elementor-widget-container\">\n\t\t\t\t\t\t\t\t<div class=\"elementor-text-editor elementor-clearfix\">\n\t\t\t\t<p>Cleo kann man als den jagdlichen Allrounder bezeichnen.<\/p><p>Hervorzuheben ist Ihre feine Nase bei der Feldarbeit mit festem Vorstehen,\u00a0ferner ist sie hartn\u00e4ckig w\u00e4hrend des Verfolgens einer Spur.\u00a0Cleo ist zudem ein hervorragender Hund im Wasser, der eigentlich jeden Teich auf den Kopf stellt. ( Wasser 11 Punkte )<\/p><p>Ihre absolute St\u00e4rke ist aber die Schwei\u00dfarbeit. In Kombination mit der Ihr\u00a0eigenen Ruhe und ihrer feinen Nase meistert sie souver\u00e4n die anfallenden <br \/>Schwei\u00dfarbeiten. Dabei ist Ihre ruhige, zielstrebige Gangart hervorzuheben.\u00a0Ein Hund, der einem nicht den Schwei\u00dfriemen durch die Hand zieht. Im Abschlu\u00df ist sie nach dem Schnallen kompomisslos scharf und packt zu.<\/p><p>Beim Pirschen und Ablegen unter dem Hochsitz ist der Hund absolut ruhig und gehorsam.<br \/>Au\u00dferdem ist Cleo als extrem leichtf\u00fchrig und nach Meinung aller, \u201d wundersch\u00f6n\u201d. <br \/>Cleo jagd auf dem Truppen\u00fcbungsplatz Baumholder auf Hochwild und wird dort besonders<br \/>zur Nachsuche eingesetzt.<\/p><p>Rambo ist ein quadratisch kompakter R\u00fcde vom Mittelschlag mit kr\u00e4ftiger Knochensubstanz. In seiner Leistung beweist er sich konstant als ausdauernd und willensstark. Zu seinen gr\u00f6\u00dften St\u00e4rken geh\u00f6ren die bedingungslose H\u00e4rte am Schwarzwild, dabei ist ihm die Gewichtsklasse seiner Beute v\u00f6llig gleichg\u00fcltig. Sein Haupteinsatzbereich sind Dr\u00fcckjagden, doch auch auf Niederwildjagden mit Fuchs oder Ente \u00fcberzeugt Rambo durch seine immer engagierte Vielseitigkeit. Trotz seiner hohen Passion ist Rambo ohnegleichen ein in sich ruhender und angenehmer Vollgebrauchshund, vertr\u00e4glich mit anderen Artgenossen und \u00fcberzeugte w\u00e4hrend seiner Ausbildung und bis heute durch seine Leichtf\u00fchrigkeit. Er wird sowohl im Haus als auch im Zwinger gehalten, ist \u00fcberaus kinderlieb und beteiligt sich an der Welpenaufzucht als liebevolle Gouvernante.<br \/>Durch das viele Jagen mit dem R\u00fcden w\u00e4hrend der Dr\u00fcckjagdsaison hat er den Bart gr\u00f6\u00dftenteis verloren, der aber in den Sommermonaten wieder nachw\u00e4chst.<\/p><p>\u00a0<\/p>\t\t\t\t\t<\/div>\n\t\t\t\t\t\t<\/div>\n\t\t\t\t<\/div>\n\t\t\t\t\t\t<\/div>\n\t\t\t\t\t<\/div>\n\t\t<\/div>\n\t\t\t\t\t\t\t\t<\/div>\n\t\t\t\t\t<\/div>\n\t\t<\/section>\n\t\t\t\t\t\t<\/div>\n\t\t\t\t\t\t<\/div>\n\t\t\t\t\t<\/div>\n\t\t","protected":false},"excerpt":{"rendered":"<p>I Wurf I-Wurf 07.04.2018 Mutter\u00a0 Cleo vom Hochwald gew. 25.04.2011aus Eila von der Obermosel und Birko vom Jura-Grund. VJP 75 Punkte ( 11 11 11 10 10 ) spurlautHZP o. Spur 188 Punkte SuchensiegerBrauchbarkeitspr\u00fcfungH\u00e4rtenachweisLautjagerabzeichenHD und OCD freiSaujager DD Genomische Zuchtwerte: HD 92 HD freiOCD 91 OCD frei Cleo vom Hochwald vererbt homozygot, d.h sie vererbt [&hellip;]<\/p>\n","protected":false},"author":1,"featured_media":0,"parent":137,"menu_order":0,"comment_status":"closed","ping_status":"closed","template":"elementor_header_footer","meta":[],"_links":{"self":[{"href":"https:\/\/www.dd-vom-hochwald.de\/index.php\/wp-json\/wp\/v2\/pages\/563"}],"collection":[{"href":"https:\/\/www.dd-vom-hochwald.de\/index.php\/wp-json\/wp\/v2\/pages"}],"about":[{"href":"https:\/\/www.dd-vom-hochwald.de\/index.php\/wp-json\/wp\/v2\/types\/page"}],"author":[{"embeddable":true,"href":"https:\/\/www.dd-vom-hochwald.de\/index.php\/wp-json\/wp\/v2\/users\/1"}],"replies":[{"embeddable":true,"href":"https:\/\/www.dd-vom-hochwald.de\/index.php\/wp-json\/wp\/v2\/comments?post=563"}],"version-history":[{"count":11,"href":"https:\/\/www.dd-vom-hochwald.de\/index.php\/wp-json\/wp\/v2\/pages\/563\/revisions"}],"predecessor-version":[{"id":1017,"href":"https:\/\/www.dd-vom-hochwald.de\/index.php\/wp-json\/wp\/v2\/pages\/563\/revisions\/1017"}],"up":[{"embeddable":true,"href":"https:\/\/www.dd-vom-hochwald.de\/index.php\/wp-json\/wp\/v2\/pages\/137"}],"wp:attachment":[{"href":"https:\/\/www.dd-vom-hochwald.de\/index.php\/wp-json\/wp\/v2\/media?parent=563"}],"curies":[{"name":"wp","href":"https:\/\/api.w.org\/{rel}","templated":true}]}}